{"id":11300,"date":"2022-12-12T15:09:28","date_gmt":"2022-12-12T20:09:28","guid":{"rendered":"https:\/\/pagepublishing.com\/politica-de-privacidad-2\/"},"modified":"2023-05-08T08:55:59","modified_gmt":"2023-05-08T13:55:59","slug":"politica-de-privacidad","status":"publish","type":"page","link":"https:\/\/pagepublishing.com\/es\/politica-de-privacidad\/","title":{"rendered":"Pol\u00edtica de privacidad"},"content":{"rendered":"<p>[et_pb_section fb_built=\u00bb1&#8243; _builder_version=\u00bb4.18.0&#8243; _module_preset=\u00bbdefault\u00bb background_color=\u00bb#f9f9f9&#8243; width=\u00bb100%\u00bb height=\u00bb407px\u00bb height_tablet=\u00bb407px\u00bb height_phone=\u00bb280px\u00bb height_last_edited=\u00bbon|phone\u00bb custom_padding=\u00bb0|0px|54px|0px|false|false\u00bb border_radii=\u00bboff||||200px\u00bb border_width_bottom=\u00bb1px\u00bb border_color_bottom=\u00bb#efefef\u00bb border_radii_tablet=\u00bboff||||200px\u00bb border_radii_phone=\u00bboff||||0px\u00bb border_radii_last_edited=\u00bbon|phone\u00bb global_colors_info=\u00bb{}\u00bb theme_builder_area=\u00bbpost_content\u00bb][et_pb_row _builder_version=\u00bb4.18.0&#8243; _module_preset=\u00bbdefault\u00bb global_colors_info=\u00bb{}\u00bb theme_builder_area=\u00bbpost_content\u00bb][et_pb_column type=\u00bb4_4&#8243; _builder_version=\u00bb4.18.0&#8243; _module_preset=\u00bbdefault\u00bb global_colors_info=\u00bb{}\u00bb theme_builder_area=\u00bbpost_content\u00bb][et_pb_text _builder_version=\u00bb4.19.2&#8243; text_font=\u00bb||||||||\u00bb text_text_color=\u00bb#677a92&#8243; text_line_height=\u00bb1.8em\u00bb header_font=\u00bb||||||||\u00bb header_font_size=\u00bb75px\u00bb header_line_height=\u00bb1.3em\u00bb header_2_font=\u00bb||||||||\u00bb width=\u00bb100%\u00bb width_tablet=\u00bb100%\u00bb width_phone=\u00bb100%\u00bb width_last_edited=\u00bbon|phone\u00bb max_width=\u00bb791px\u00bb min_height=\u00bb161.8px\u00bb custom_margin=\u00bb47px|||-1px|false|false\u00bb custom_margin_tablet=\u00bb0px|50px||50px\u00bb custom_margin_phone=\u00bb0px|0px||0px|false|false\u00bb custom_margin_last_edited=\u00bbon|desktop\u00bb custom_padding=\u00bb46px|0px||||\u00bb custom_padding_tablet=\u00bb3px|0px||||\u00bb custom_padding_phone=\u00bb23px|0px||0px|false|false\u00bb custom_padding_last_edited=\u00bbon|phone\u00bb hover_enabled=\u00bb0&#8243; text_font_size_tablet=\u00bb\u00bb text_font_size_phone=\u00bb24px\u00bb text_font_size_last_edited=\u00bbon|phone\u00bb text_line_height_tablet=\u00bb1.8em\u00bb text_line_height_phone=\u00bb1.8em\u00bb text_line_height_last_edited=\u00bbon|phone\u00bb header_font_size_tablet=\u00bb\u00bb header_font_size_phone=\u00bb45px\u00bb header_font_size_last_edited=\u00bbon|phone\u00bb locked=\u00bboff\u00bb global_colors_info=\u00bb{}\u00bb theme_builder_area=\u00bbpost_content\u00bb sticky_enabled=\u00bb0&#8243;]<\/p>\n<p>&nbsp;<\/p>\n<h1>Pol\u00edtica de privacidad<\/h1>\n<p>[\/et_pb_text][\/et_pb_column][\/et_pb_row][\/et_pb_section][et_pb_section fb_built=\u00bb1&#8243; theme_builder_area=\u00bbpost_content\u00bb _builder_version=\u00bb4.19.2&#8243; _module_preset=\u00bbdefault\u00bb][et_pb_row _builder_version=\u00bb4.19.2&#8243; _module_preset=\u00bbdefault\u00bb theme_builder_area=\u00bbpost_content\u00bb][et_pb_column _builder_version=\u00bb4.19.2&#8243; _module_preset=\u00bbdefault\u00bb type=\u00bb4_4&#8243; theme_builder_area=\u00bbpost_content\u00bb][et_pb_text _builder_version=\u00bb4.19.2&#8243; _module_preset=\u00bbdefault\u00bb theme_builder_area=\u00bbpost_content\u00bb header_2_font_size=\u00bb50px\u00bb hover_enabled=\u00bb0&#8243; sticky_enabled=\u00bb0&#8243;]<\/p>\n<p>Page Publishing respeta la importancia de mantener la seguridad y la privacidad de su informaci\u00f3n y ha implementado pr\u00e1cticas de seguridad integrales para salvaguardar la privacidad y la seguridad de la informaci\u00f3n recopilada, almacenada y utilizada por Page Publishing en la prestaci\u00f3n de los servicios de Page Publishing para usted.<\/p>\n<h2>Protecci\u00f3n de la informaci\u00f3n<\/h2>\n<p>Page Publishing mantiene controles de seguridad f\u00edsicos, electr\u00f3nicos y de procedimiento que cumplen con las leyes y reglamentos aplicables para proteger la informaci\u00f3n de la p\u00e9rdida, destrucci\u00f3n, uso indebido, acceso no autorizado o divulgaci\u00f3n. Estas pr\u00e1cticas y tecnolog\u00edas ayudan a garantizar la seguridad de los datos; Page Publishing tambi\u00e9n forma a sus empleados para que protejan su informaci\u00f3n. Sin embargo, no se puede garantizar que ninguna transmisi\u00f3n de datos por Internet o tecnolog\u00eda de almacenamiento de informaci\u00f3n sea 100% segura.<\/p>\n<h3>Intercambio y uso de la informaci\u00f3n<\/h3>\n<p>Podemos compartir su informaci\u00f3n personal con nuestras empresas afiliadas, marcas e impresiones, con terceros que le presten servicios a usted o a nosotros, con socios promocionales, con empresas de medios sociales o con otros terceros, seg\u00fan sea necesario para llevar a cabo nuestra actividad o para cumplir con una obligaci\u00f3n legal.<\/p>\n<p>Tomamos las medidas adecuadas para garantizar que las transferencias de informaci\u00f3n personal se ajusten a la legislaci\u00f3n aplicable, se gestionen cuidadosamente para proteger sus derechos e intereses de privacidad y se limiten a los pa\u00edses que se reconoce que proporcionan un nivel adecuado de protecci\u00f3n legal o en los que existen acuerdos alternativos adecuados para proteger sus derechos de privacidad.<\/p>\n<h3>Con respecto al acceso al sitio web de Page Publishing:<\/h3>\n<p>Recibimos y almacenamos cualquier informaci\u00f3n que usted introduzca en el Sitio o nos proporcione de otras maneras. Esta informaci\u00f3n puede incluir, entre otros, su nombre, direcci\u00f3n, n\u00famero de tel\u00e9fono y direcci\u00f3n de correo electr\u00f3nico. Debe tener en cuenta que algunas partes del Sitio contienen funciones para recopilar y rastrear informaci\u00f3n no personal sobre usted, como su direcci\u00f3n IP, el nombre del dominio, las p\u00e1ginas que ha visitado, el lugar desde el que ha sido remitido e informaci\u00f3n t\u00e9cnica como el tipo de navegador y el sistema operativo. Si usted ha proporcionado voluntariamente informaci\u00f3n personal (o si a trav\u00e9s de su navegador ha proporcionado alguna informaci\u00f3n general), entonces podemos asociar dicha informaci\u00f3n con la informaci\u00f3n ya rastreada, as\u00ed como rastrear informaci\u00f3n personal adicional.<\/p>\n<h3>Con respecto a los servicios de publicaci\u00f3n de p\u00e1ginas:<\/h3>\n<p>Page Publishing maneja la informaci\u00f3n privada de acuerdo con las leyes de privacidad de la informaci\u00f3n estatales y federales de Estados Unidos. No utilizamos sus datos personales para fines distintos a la prestaci\u00f3n de los servicios contratados. Excepto en los casos descritos en esta pol\u00edtica, no transmitiremos su informaci\u00f3n personal identificable a ning\u00fan tercero, excepto en la medida necesaria para proporcionarle los Servicios. Junto con los servicios, Page Publishing puede revelar informaci\u00f3n a entidades gubernamentales para cumplir con los requisitos legales relacionados con el uso de la informaci\u00f3n individualmente identificable, como por ejemplo para la presentaci\u00f3n de informes fiscales. No utilizamos ni revelamos informaci\u00f3n personal identificable de ninguna manera que viole las leyes estatales o federales de privacidad aplicables. Podemos publicar o divulgar estad\u00edsticas resumidas o de grupo, no personales y no identificadas, sobre nuestros clientes, patrones de tr\u00e1fico, patrones de uso de cuentas o informaci\u00f3n de uso del sitio, pero estas estad\u00edsticas no incluir\u00e1n informaci\u00f3n de identificaci\u00f3n personal.<\/p>\n<p>Salvo que la ley lo proh\u00edba, podemos revelar informaci\u00f3n personal para responder a citaciones, \u00f3rdenes judiciales o procesos legales, o para establecer o ejercer nuestros derechos legales o defendernos de reclamaciones legales. Tambi\u00e9n podemos compartir dicha informaci\u00f3n, de acuerdo con las leyes estatales y federales y seg\u00fan lo autorizado por \u00e9stas, si creemos que es necesario para investigar, prevenir o tomar medidas en relaci\u00f3n con las siguientes actividades sospechosas o reales: actividades ilegales, fraude, situaciones que impliquen amenazas a la seguridad f\u00edsica de cualquier persona, o seg\u00fan lo exija la ley. Salvo que lo proh\u00edba la ley, podemos utilizar la informaci\u00f3n personal y otra informaci\u00f3n que recopilemos sobre su uso de los Servicios (como los nombres de dominio, la informaci\u00f3n sobre el uso del sitio web en relaci\u00f3n con los visitantes y usuarios de pagepublishing.com y los Servicios, la informaci\u00f3n sobre las p\u00e1ginas a las que acceden los usuarios, la informaci\u00f3n ofrecida voluntariamente por los usuarios, como la informaci\u00f3n de las encuestas, y las direcciones de correo electr\u00f3nico de las personas que se ponen en contacto con nosotros a trav\u00e9s del correo electr\u00f3nico) para operar y hacer que los Servicios est\u00e9n disponibles, para la facturaci\u00f3n, la identificaci\u00f3n y la autenticaci\u00f3n, para fines de investigaci\u00f3n, para ponerse en contacto con usted acerca de su uso de los Servicios, y para mejorar en general el contenido y la funcionalidad de los Servicios. Podemos almacenar su informaci\u00f3n personal encriptada en equipos de terceros proveedores o proveedores de alojamiento; si es as\u00ed, ellos no tienen acceso a su informaci\u00f3n no encriptada o a las claves de encriptaci\u00f3n para desencriptar sus datos PII, y est\u00e1n sujetos a obligaciones contractuales contra el uso o la divulgaci\u00f3n de la informaci\u00f3n personal, tal y como exigen las leyes estatales y federales aplicables.<\/p>\n<p>En ocasiones, Page Publishing contrata a otras empresas para que presten servicios limitados en nuestro nombre, como el env\u00edo de boletines informativos y la realizaci\u00f3n de an\u00e1lisis estad\u00edsticos de nuestros servicios. S\u00f3lo proporcionaremos a esas empresas la informaci\u00f3n que necesiten para prestarnos esos servicios, y les prohibimos utilizar esa informaci\u00f3n para cualquier otro fin. Si una comunicaci\u00f3n se considera de marketing, siempre tendr\u00e1 derecho a optar por no recibir este tipo de comunicaci\u00f3n siguiendo las instrucciones para darse de baja incluidas en cualquiera de los correos electr\u00f3nicos de marketing que le enviemos.<\/p>\n<h3>Enlaces a sitios web de terceros<\/h3>\n<p>Puede haber enlaces a sitios web de terceros disponibles en el sitio web de Page Publishing o a trav\u00e9s de los Servicios. Su actividad en un sitio web de terceros al que se accede desde el sitio web de Page Publishing se rige por las pol\u00edticas de ese sitio web, no por las de Page Publishing. Por favor, revise las pol\u00edticas de privacidad y de usuario de los sitios web de terceros que visite.<\/p>\n<h3>Galletas<\/h3>\n<p>Cuando usted utiliza los Servicios, podemos utilizar la tecnolog\u00eda denominada \u00abcookies\u00bb para facilitar el acceso al sitio. Una cookie es un archivo de texto colocado en su ordenador por un servidor web. Las cookies no pueden utilizarse para ejecutar programas o enviar virus a su ordenador. Nuestras cookies se le asignan de forma exclusiva y s\u00f3lo pueden ser le\u00eddas por un servidor web en el dominio que emiti\u00f3 la cookie para usted (es decir, nuestros Servicios). Ning\u00fan otro servidor que no sea el nuestro puede acceder a las cookies enviadas por nosotros. Podemos utilizar cookies de sesi\u00f3n para permitir que los Servicios identifiquen de forma exclusiva su navegador mientras est\u00e1 conectado. Las cookies de sesi\u00f3n no se almacenan permanentemente en su ordenador. Las cookies de sesi\u00f3n tambi\u00e9n nos ayudan a confirmar su identidad y son necesarias para utilizar los Servicios. Tambi\u00e9n utilizamos cookies persistentes para identificarle como usuario y facilitarle el acceso a los Servicios, pero esas cookies son opcionales y s\u00f3lo se guardan si usted solicita que las guardemos. Los usuarios que desactiven la capacidad de su navegador para aceptar todas las cookies no podr\u00e1n acceder a los Servicios, ya que \u00e9stos deben crear cookies de sesi\u00f3n no persistentes para funcionar.<\/p>\n<h3>Cambios en la pol\u00edtica de privacidad<\/h3>\n<p>Podemos actualizar esta pol\u00edtica de vez en cuando. Puede consultar la versi\u00f3n m\u00e1s actualizada de esta pol\u00edtica de privacidad en cualquier momento visitando este enlace: <a href=\"https:\/\/www.pagepublishing.com\/privacy-policy\/\">https:\/\/www.pagepublishing.com\/privacy-policy\/<\/a><\/p>\n<p>Su uso continuado de los Servicios constituye su aceptaci\u00f3n de dichos cambios en la pol\u00edtica de privacidad. Su \u00fanico recurso, si no acepta los t\u00e9rminos de esta pol\u00edtica de privacidad, es dejar de utilizar los Servicios.<\/p>\n<h3><strong>Preguntas de los ciudadanos de la UE o del Reino Unido<\/strong><\/h3>\n<p>Page Publishing opera con una base legal, transparencia, seguridad de datos adecuada, responsabilidad y gobernanza seg\u00fan el art\u00edculo 6, secci\u00f3n 1 del GDPR (b), (c), (e), (f) para todos los productos y servicios.<\/p>\n<p>Si los ciudadanos de la UE (Uni\u00f3n Europea) o del Reino Unido tienen preguntas sobre el uso de sus datos, pueden dirigirse a: <a href=\"mailto:privacy-policy@pagepublishing.com\">privacy-policy@pagepublishing.com<\/a><\/p>\n<h3><strong>Preguntas de los residentes en California<\/strong><\/h3>\n<p>Page Publishing proporciona este aviso de pol\u00edtica de privacidad adicional a los consumidores de California sobre las pr\u00e1cticas de intercambio de informaci\u00f3n personal de Page Publishing en relaci\u00f3n con la Ley de Privacidad del Consumidor de California de 2018 (CCPA).<\/p>\n<p>La informaci\u00f3n personal no se recopila, retiene, vende, divulga ni utiliza para ning\u00fan otro fin que no sea el de realizar los servicios contratados por usted, otros fines razonablemente necesarios o divulgados.<\/p>\n<p>Si los residentes de California tienen preguntas sobre el uso de sus datos, pueden dirigirse a: <a href=\"mailto:privacy-policy@pagepublishing.com\">privacy-policy@pagepublishing.com<\/a><\/p>\n<p><strong>Conflicto<\/strong><\/p>\n<p>En caso de conflicto entre esta pol\u00edtica de privacidad y cualquier acuerdo con usted, prevalecer\u00e1n los t\u00e9rminos de la pol\u00edtica de privacidad.<\/p>\n<h3>Asignaci\u00f3n<\/h3>\n<p>Podemos ceder o transferir esta pol\u00edtica de privacidad, as\u00ed como su cuenta de usuario y la informaci\u00f3n y datos relacionados, a cualquier persona o entidad que adquiera o se fusione con Page Publishing. En caso de que nosotros, o uno de nuestros sublicenciatarios, dejemos de ofrecer el uso de los Servicios, o seamos adquiridos o fusionados, podremos transmitir su informaci\u00f3n personal a una empresa sucesora a trav\u00e9s de medios seguros para su custodia o la prestaci\u00f3n de un servicio sucesor.<\/p>\n<h3>Contacto<\/h3>\n<p>Si tiene preguntas sobre esta pol\u00edtica de privacidad o nuestras pr\u00e1cticas de seguridad, env\u00ede un correo electr\u00f3nico <a href=\"mailto:privacy-policy@pagepublishing.com\">a privacy-policy@pagepublishing.com<\/a><\/p>\n<p>[\/et_pb_text][\/et_pb_column][\/et_pb_row][\/et_pb_section]<\/p>\n","protected":false},"excerpt":{"rendered":"<p>&nbsp; Pol\u00edtica de privacidadPage Publishing respeta la importancia de mantener la seguridad y la privacidad de su informaci\u00f3n y ha implementado pr\u00e1cticas de seguridad integrales para salvaguardar la privacidad y la seguridad de la informaci\u00f3n recopilada, almacenada y utilizada por Page Publishing en la prestaci\u00f3n de los servicios de Page Publishing para usted. Protecci\u00f3n de la informaci\u00f3n Page Publishing mantiene controles de seguridad f\u00edsicos, electr\u00f3nicos y de procedimiento que cumplen con las leyes y reglamentos aplicables para proteger la informaci\u00f3n de la p\u00e9rdida, destrucci\u00f3n, uso indebido, acceso no autorizado o divulgaci\u00f3n. Estas pr\u00e1cticas y tecnolog\u00edas ayudan a garantizar la seguridad de los datos; Page Publishing tambi\u00e9n forma a sus empleados para que protejan su informaci\u00f3n. Sin embargo, no se puede garantizar que ninguna transmisi\u00f3n de datos por Internet o tecnolog\u00eda de almacenamiento de informaci\u00f3n sea 100% segura. Intercambio y uso de la informaci\u00f3n Podemos compartir su informaci\u00f3n personal con nuestras empresas afiliadas, marcas e impresiones, con terceros que le presten servicios a usted o a nosotros, con socios promocionales, con empresas de medios sociales o con otros terceros, seg\u00fan sea necesario para llevar a cabo nuestra actividad o para cumplir con una obligaci\u00f3n legal. Tomamos las medidas adecuadas para garantizar [&hellip;]<\/p>\n","protected":false},"author":1,"featured_media":0,"parent":0,"menu_order":0,"comment_status":"closed","ping_status":"closed","template":"","meta":{"_et_pb_use_builder":"on","_et_pb_old_content":"","_et_gb_content_width":"","_coblocks_attr":"","_coblocks_dimensions":"","_coblocks_responsive_height":"","_coblocks_accordion_ie_support":"","footnotes":""},"dipi_cpt_category":[],"class_list":["post-11300","page","type-page","status-publish","hentry"],"yoast_head":"<!-- This site is optimized with the Yoast SEO plugin v26.5 - https:\/\/yoast.com\/wordpress\/plugins\/seo\/ -->\n<title>Pol\u00edtica de privacidad - Page Publishing<\/title>\n<meta name=\"description\" content=\"Page Publishing respeta la importancia de mantener la seguridad y privacidad de su informaci\u00f3n y ha implementado pr\u00e1cticas de seguridad.\" \/>\n<meta name=\"robots\" content=\"index, follow, max-snippet:-1, max-image-preview:large, max-video-preview:-1\" \/>\n<link rel=\"canonical\" href=\"https:\/\/pagepublishing.com\/es\/politica-de-privacidad\/\" \/>\n<meta property=\"og:locale\" content=\"es_ES\" \/>\n<meta property=\"og:type\" content=\"article\" \/>\n<meta property=\"og:title\" content=\"Pol\u00edtica de privacidad - Page Publishing\" \/>\n<meta property=\"og:description\" content=\"Page Publishing respeta la importancia de mantener la seguridad y privacidad de su informaci\u00f3n y ha implementado pr\u00e1cticas de seguridad.\" \/>\n<meta property=\"og:url\" content=\"https:\/\/pagepublishing.com\/es\/politica-de-privacidad\/\" \/>\n<meta property=\"og:site_name\" content=\"Page Publishing\" \/>\n<meta property=\"article:publisher\" content=\"https:\/\/www.facebook.com\/PagePublish\" \/>\n<meta property=\"article:modified_time\" content=\"2023-05-08T13:55:59+00:00\" \/>\n<meta name=\"twitter:card\" content=\"summary_large_image\" \/>\n<meta name=\"twitter:site\" content=\"@pagepublishing\" \/>\n<meta name=\"twitter:label1\" content=\"Tiempo de lectura\" \/>\n\t<meta name=\"twitter:data1\" content=\"8 minutos\" \/>\n<script type=\"application\/ld+json\" class=\"yoast-schema-graph\">{\"@context\":\"https:\/\/schema.org\",\"@graph\":[{\"@type\":\"WebPage\",\"@id\":\"https:\/\/pagepublishing.com\/es\/politica-de-privacidad\/\",\"url\":\"https:\/\/pagepublishing.com\/es\/politica-de-privacidad\/\",\"name\":\"Pol\u00edtica de privacidad - Page Publishing\",\"isPartOf\":{\"@id\":\"https:\/\/pagepublishing.com\/es\/#website\"},\"datePublished\":\"2022-12-12T20:09:28+00:00\",\"dateModified\":\"2023-05-08T13:55:59+00:00\",\"description\":\"Page Publishing respeta la importancia de mantener la seguridad y privacidad de su informaci\u00f3n y ha implementado pr\u00e1cticas de seguridad.\",\"inLanguage\":\"es\",\"potentialAction\":[{\"@type\":\"ReadAction\",\"target\":[\"https:\/\/pagepublishing.com\/es\/politica-de-privacidad\/\"]}]},{\"@type\":\"WebSite\",\"@id\":\"https:\/\/pagepublishing.com\/es\/#website\",\"url\":\"https:\/\/pagepublishing.com\/es\/\",\"name\":\"Page Publishing\",\"description\":\"Premiere book publishing solution\",\"publisher\":{\"@id\":\"https:\/\/pagepublishing.com\/es\/#organization\"},\"potentialAction\":[{\"@type\":\"SearchAction\",\"target\":{\"@type\":\"EntryPoint\",\"urlTemplate\":\"https:\/\/pagepublishing.com\/es\/?s={search_term_string}\"},\"query-input\":{\"@type\":\"PropertyValueSpecification\",\"valueRequired\":true,\"valueName\":\"search_term_string\"}}],\"inLanguage\":\"es\"},{\"@type\":\"Organization\",\"@id\":\"https:\/\/pagepublishing.com\/es\/#organization\",\"name\":\"Page Publishing\",\"url\":\"https:\/\/pagepublishing.com\/es\/\",\"logo\":{\"@type\":\"ImageObject\",\"inLanguage\":\"es\",\"@id\":\"https:\/\/pagepublishing.com\/es\/#\/schema\/logo\/image\/\",\"url\":\"https:\/\/pagepublishing.com\/wp-content\/uploads\/2022\/12\/Page-Logo.png\",\"contentUrl\":\"https:\/\/pagepublishing.com\/wp-content\/uploads\/2022\/12\/Page-Logo.png\",\"width\":340,\"height\":393,\"caption\":\"Page Publishing\"},\"image\":{\"@id\":\"https:\/\/pagepublishing.com\/es\/#\/schema\/logo\/image\/\"},\"sameAs\":[\"https:\/\/www.facebook.com\/PagePublish\",\"https:\/\/x.com\/pagepublishing\"]}]}<\/script>\n<!-- \/ Yoast SEO plugin. -->","yoast_head_json":{"title":"Pol\u00edtica de privacidad - Page Publishing","description":"Page Publishing respeta la importancia de mantener la seguridad y privacidad de su informaci\u00f3n y ha implementado pr\u00e1cticas de seguridad.","robots":{"index":"index","follow":"follow","max-snippet":"max-snippet:-1","max-image-preview":"max-image-preview:large","max-video-preview":"max-video-preview:-1"},"canonical":"https:\/\/pagepublishing.com\/es\/politica-de-privacidad\/","og_locale":"es_ES","og_type":"article","og_title":"Pol\u00edtica de privacidad - Page Publishing","og_description":"Page Publishing respeta la importancia de mantener la seguridad y privacidad de su informaci\u00f3n y ha implementado pr\u00e1cticas de seguridad.","og_url":"https:\/\/pagepublishing.com\/es\/politica-de-privacidad\/","og_site_name":"Page Publishing","article_publisher":"https:\/\/www.facebook.com\/PagePublish","article_modified_time":"2023-05-08T13:55:59+00:00","twitter_card":"summary_large_image","twitter_site":"@pagepublishing","twitter_misc":{"Tiempo de lectura":"8 minutos"},"schema":{"@context":"https:\/\/schema.org","@graph":[{"@type":"WebPage","@id":"https:\/\/pagepublishing.com\/es\/politica-de-privacidad\/","url":"https:\/\/pagepublishing.com\/es\/politica-de-privacidad\/","name":"Pol\u00edtica de privacidad - Page Publishing","isPartOf":{"@id":"https:\/\/pagepublishing.com\/es\/#website"},"datePublished":"2022-12-12T20:09:28+00:00","dateModified":"2023-05-08T13:55:59+00:00","description":"Page Publishing respeta la importancia de mantener la seguridad y privacidad de su informaci\u00f3n y ha implementado pr\u00e1cticas de seguridad.","inLanguage":"es","potentialAction":[{"@type":"ReadAction","target":["https:\/\/pagepublishing.com\/es\/politica-de-privacidad\/"]}]},{"@type":"WebSite","@id":"https:\/\/pagepublishing.com\/es\/#website","url":"https:\/\/pagepublishing.com\/es\/","name":"Page Publishing","description":"Premiere book publishing solution","publisher":{"@id":"https:\/\/pagepublishing.com\/es\/#organization"},"potentialAction":[{"@type":"SearchAction","target":{"@type":"EntryPoint","urlTemplate":"https:\/\/pagepublishing.com\/es\/?s={search_term_string}"},"query-input":{"@type":"PropertyValueSpecification","valueRequired":true,"valueName":"search_term_string"}}],"inLanguage":"es"},{"@type":"Organization","@id":"https:\/\/pagepublishing.com\/es\/#organization","name":"Page Publishing","url":"https:\/\/pagepublishing.com\/es\/","logo":{"@type":"ImageObject","inLanguage":"es","@id":"https:\/\/pagepublishing.com\/es\/#\/schema\/logo\/image\/","url":"https:\/\/pagepublishing.com\/wp-content\/uploads\/2022\/12\/Page-Logo.png","contentUrl":"https:\/\/pagepublishing.com\/wp-content\/uploads\/2022\/12\/Page-Logo.png","width":340,"height":393,"caption":"Page Publishing"},"image":{"@id":"https:\/\/pagepublishing.com\/es\/#\/schema\/logo\/image\/"},"sameAs":["https:\/\/www.facebook.com\/PagePublish","https:\/\/x.com\/pagepublishing"]}]}},"_links":{"self":[{"href":"https:\/\/pagepublishing.com\/es\/wp-json\/wp\/v2\/pages\/11300","targetHints":{"allow":["GET"]}}],"collection":[{"href":"https:\/\/pagepublishing.com\/es\/wp-json\/wp\/v2\/pages"}],"about":[{"href":"https:\/\/pagepublishing.com\/es\/wp-json\/wp\/v2\/types\/page"}],"author":[{"embeddable":true,"href":"https:\/\/pagepublishing.com\/es\/wp-json\/wp\/v2\/users\/1"}],"replies":[{"embeddable":true,"href":"https:\/\/pagepublishing.com\/es\/wp-json\/wp\/v2\/comments?post=11300"}],"version-history":[{"count":9,"href":"https:\/\/pagepublishing.com\/es\/wp-json\/wp\/v2\/pages\/11300\/revisions"}],"predecessor-version":[{"id":12813,"href":"https:\/\/pagepublishing.com\/es\/wp-json\/wp\/v2\/pages\/11300\/revisions\/12813"}],"wp:attachment":[{"href":"https:\/\/pagepublishing.com\/es\/wp-json\/wp\/v2\/media?parent=11300"}],"wp:term":[{"taxonomy":"dipi_cpt_category","embeddable":true,"href":"https:\/\/pagepublishing.com\/es\/wp-json\/wp\/v2\/dipi_cpt_category?post=11300"}],"curies":[{"name":"wp","href":"https:\/\/api.w.org\/{rel}","templated":true}]}}