{"id":9735,"date":"2022-10-04T13:37:56","date_gmt":"2022-10-04T18:37:56","guid":{"rendered":"https:\/\/pagepublishing.com\/diseno-de-libros\/"},"modified":"2024-02-19T11:27:53","modified_gmt":"2024-02-19T16:27:53","slug":"diseno-de-libros","status":"publish","type":"page","link":"https:\/\/pagepublishing.com\/es\/diseno-de-libros\/","title":{"rendered":"Dise\u00f1o de libros"},"content":{"rendered":"<p>[et_pb_section fb_built=\u00bb1&#8243; _builder_version=\u00bb4.20.2&#8243; _module_preset=\u00bbdefault\u00bb background_color=\u00bb#f9f9f9&#8243; min_height=\u00bb400px\u00bb min_height_tablet=\u00bb400px\u00bb min_height_phone=\u00bb300px\u00bb min_height_last_edited=\u00bbon|phone\u00bb border_radii=\u00bboff||||200px\u00bb border_radii_tablet=\u00bboff||||0px\u00bb border_radii_phone=\u00bb\u00bb border_radii_last_edited=\u00bbon|tablet\u00bb locked=\u00bboff\u00bb global_colors_info=\u00bb{}\u00bb][et_pb_row make_equal=\u00bbon\u00bb _builder_version=\u00bb4.20.2&#8243; _module_preset=\u00bbdefault\u00bb positioning=\u00bbabsolute\u00bb position_origin_a=\u00bbcenter_center\u00bb global_colors_info=\u00bb{}\u00bb][et_pb_column type=\u00bb4_4&#8243; _builder_version=\u00bb4.20.2&#8243; _module_preset=\u00bbdefault\u00bb global_colors_info=\u00bb{}\u00bb][et_pb_text _builder_version=\u00bb4.20.2&#8243; _module_preset=\u00bbdefault\u00bb text_text_color=\u00bb#677a92&#8243; text_line_height=\u00bb1.9em\u00bb header_font_size=\u00bb75px\u00bb header_line_height=\u00bb1.3em\u00bb width=\u00bb50%\u00bb width_tablet=\u00bb100%\u00bb width_phone=\u00bb100%\u00bb width_last_edited=\u00bbon|phone\u00bb text_font_size_tablet=\u00bb\u00bb text_font_size_phone=\u00bb22px\u00bb text_font_size_last_edited=\u00bbon|phone\u00bb header_font_size_tablet=\u00bb\u00bb header_font_size_phone=\u00bb50px\u00bb header_font_size_last_edited=\u00bbon|phone\u00bb text_orientation_tablet=\u00bbcenter\u00bb text_orientation_phone=\u00bbcenter\u00bb text_orientation_last_edited=\u00bbon|phone\u00bb module_alignment_tablet=\u00bb\u00bb module_alignment_phone=\u00bb\u00bb module_alignment_last_edited=\u00bbon|phone\u00bb global_colors_info=\u00bb{}\u00bb]<\/p>\n<p>Trabajo llamativo<\/p>\n<h1>Dise\u00f1o de libros<\/h1>\n<p>[\/et_pb_text][\/et_pb_column][\/et_pb_row][\/et_pb_section][et_pb_section fb_built=\u00bb1&#8243; _builder_version=\u00bb4.18.0&#8243; _module_preset=\u00bbdefault\u00bb custom_padding=\u00bb9px||29px|||\u00bb global_colors_info=\u00bb{}\u00bb][et_pb_row _builder_version=\u00bb4.18.0&#8243; _module_preset=\u00bbdefault\u00bb custom_padding=\u00bb14px|||||\u00bb global_colors_info=\u00bb{}\u00bb][et_pb_column type=\u00bb4_4&#8243; _builder_version=\u00bb4.18.0&#8243; _module_preset=\u00bbdefault\u00bb global_colors_info=\u00bb{}\u00bb][dipi_breadcrumbs bc_custom_home=\u00bbon\u00bb bc_home_text=\u00bbServicios\u00bb bc_home_url=\u00bbhttps:\/\/pagepublishing.com\/es\/nuestros-servicios\/\u00bb _builder_version=\u00bb4.20.2&#8243; _dynamic_attributes=\u00bblink_option_url\u00bb _module_preset=\u00bbdefault\u00bb items_text_color=\u00bb#af161c\u00bb custom_margin=\u00bb||-30px|||\u00bb custom_padding=\u00bb||0px|||\u00bb link_option_url=\u00bb@ET-DC@eyJkeW5hbWljIjp0cnVlLCJjb250ZW50IjoicG9zdF9saW5rX3VybF9wYWdlIiwic2V0dGluZ3MiOnsicG9zdF9pZCI6IjgxIn19@\u00bb hover_enabled=\u00bb0&#8243; global_colors_info=\u00bb{%22gcid-8695c531-468e-49c2-b876-1eb6be76f5f6%22:%91%22items_text_color%22%93}\u00bb sticky_enabled=\u00bb0&#8243;][\/dipi_breadcrumbs][\/et_pb_column][\/et_pb_row][\/et_pb_section][et_pb_section fb_built=\u00bb1&#8243; custom_padding_last_edited=\u00bbon|tablet\u00bb _builder_version=\u00bb4.18.0&#8243; background_image=\u00bbhttps:\/\/pagepublishing.com\/wp-content\/uploads\/2022\/10\/Page-Design-Side-Graphic.png\u00bb background_size=\u00bbcustom\u00bb background_image_width=\u00bb15%\u00bb background_position=\u00bbtop_left\u00bb min_height=\u00bb483.2px\u00bb custom_margin=\u00bb0px||44px|||\u00bb custom_margin_tablet=\u00bb||0px||false|false\u00bb custom_margin_phone=\u00bb||0px||false|false\u00bb custom_margin_last_edited=\u00bbon|phone\u00bb custom_padding=\u00bb100px|0px|22px|0px|false|false\u00bb custom_padding_tablet=\u00bb0px||0px||false|false\u00bb custom_padding_phone=\u00bb0px||0px||false|false\u00bb background_last_edited=\u00bbon|phone\u00bb background_enable_image_tablet=\u00bboff\u00bb locked=\u00bboff\u00bb global_colors_info=\u00bb{}\u00bb][et_pb_row column_structure=\u00bb2_5,3_5&#8243; _builder_version=\u00bb4.18.0&#8243; custom_margin=\u00bb-38px||||false|false\u00bb custom_padding=\u00bb||||true\u00bb global_colors_info=\u00bb{}\u00bb][et_pb_column type=\u00bb2_5&#8243; _builder_version=\u00bb4.16&#8243; custom_padding=\u00bb|||\u00bb global_colors_info=\u00bb{}\u00bb custom_padding__hover=\u00bb|||\u00bb][et_pb_image src=\u00bbhttps:\/\/pagepublishing.com\/wp-content\/uploads\/2022\/10\/Page-Design-Main-Graphic.png\u00bb title_text=\u00bbDise\u00f1o de la p\u00e1gina Gr\u00e1fico principal\u00bb align=\u00bbcenter\u00bb _builder_version=\u00bb4.18.0&#8243; _module_preset=\u00bbdefault\u00bb width=\u00bb92%\u00bb locked=\u00bboff\u00bb global_colors_info=\u00bb{}\u00bb][\/et_pb_image][\/et_pb_column][et_pb_column type=\u00bb3_5&#8243; _builder_version=\u00bb4.16&#8243; custom_padding=\u00bb|||\u00bb global_colors_info=\u00bb{}\u00bb custom_padding__hover=\u00bb|||\u00bb][et_pb_text _builder_version=\u00bb4.18.0&#8243; _module_preset=\u00bbdefault\u00bb header_2_font_size=\u00bb50px\u00bb header_2_line_height=\u00bb1.3em\u00bb custom_margin=\u00bb47px||89px|||\u00bb custom_padding=\u00bb0px|||||\u00bb header_2_font_size_tablet=\u00bb50px\u00bb header_2_font_size_phone=\u00bb40px\u00bb header_2_font_size_last_edited=\u00bbon|phone\u00bb global_colors_info=\u00bb{}\u00bb]<\/p>\n<h2>Dise\u00f1o de p\u00e1ginas<\/h2>\n<p>Nuestros artistas tomar\u00e1n su manuscrito terminado y crear\u00e1n un interior de libro listo para imprimir. Aplicar\u00e1n elementos de estilo -como el tama\u00f1o de la letra, la elecci\u00f3n de fuentes, los m\u00e1rgenes y los p\u00e1rrafos- para garantizar el atractivo visual y la claridad para el lector. Se garantiza la coherencia de los encabezamientos, t\u00edtulos y cap\u00edtulos. Las fotograf\u00edas, ilustraciones o dibujos est\u00e1n optimizados para mejorar la experiencia de lectura. Nuestro objetivo es producir una experiencia de lectura fluida y ordenada para mejorar las ventas.<\/p>\n<p>Para los autores de libros infantiles, nuestro equipo interno de ilustradores es capaz de realizar cualquier cosa que su imaginaci\u00f3n desee. Tenemos una amplia experiencia en el lucrativo campo de los libros infantiles.<\/p>\n<p>[\/et_pb_text][\/et_pb_column][\/et_pb_row][\/et_pb_section][et_pb_section fb_built=\u00bb1&#8243; custom_padding_last_edited=\u00bbon|tablet\u00bb _builder_version=\u00bb4.18.0&#8243; background_image=\u00bbhttps:\/\/pagepublishing.com\/wp-content\/uploads\/2022\/10\/Cover-Design-Side-Graphics.png\u00bb background_size=\u00bbcontain\u00bb background_position=\u00bbtop_right\u00bb min_height=\u00bb387.1px\u00bb custom_margin=\u00bb-9px|||||\u00bb custom_margin_tablet=\u00bb0px||||false|false\u00bb custom_margin_phone=\u00bb-21px||||false|false\u00bb custom_margin_last_edited=\u00bbon|phone\u00bb custom_padding=\u00bb6px|0px|50px|0px|false|false\u00bb custom_padding_tablet=\u00bb0px|0px|50px|0px|false|false\u00bb custom_padding_phone=\u00bb0px|0px|0px|0px|false|false\u00bb background_last_edited=\u00bbon|tablet\u00bb background_enable_image_tablet=\u00bboff\u00bb locked=\u00bboff\u00bb global_colors_info=\u00bb{}\u00bb][et_pb_row column_structure=\u00bb3_5,2_5&#8243; _builder_version=\u00bb4.18.0&#8243; _module_preset=\u00bbdefault\u00bb width=\u00bb86.1%\u00bb custom_padding=\u00bb0px|||||\u00bb global_colors_info=\u00bb{}\u00bb][et_pb_column type=\u00bb3_5&#8243; _builder_version=\u00bb4.18.0&#8243; _module_preset=\u00bbdefault\u00bb custom_padding=\u00bb|3px||83px|false|false\u00bb custom_padding_tablet=\u00bb0px|0px||0px|false|false\u00bb custom_padding_phone=\u00bb0px|0px||0px|false|false\u00bb custom_padding_last_edited=\u00bbon|tablet\u00bb global_colors_info=\u00bb{}\u00bb][et_pb_text _builder_version=\u00bb4.18.0&#8243; _module_preset=\u00bbdefault\u00bb header_2_font_size=\u00bb50px\u00bb header_2_line_height=\u00bb1.3em\u00bb width=\u00bb100%\u00bb custom_margin=\u00bb71px|0px||0px|false|false\u00bb custom_margin_tablet=\u00bb-50px||||false|false\u00bb custom_margin_phone=\u00bb-50px||||false|false\u00bb custom_margin_last_edited=\u00bbon|phone\u00bb custom_padding=\u00bb|0px||||\u00bb header_2_font_size_tablet=\u00bb50px\u00bb header_2_font_size_phone=\u00bb40px\u00bb header_2_font_size_last_edited=\u00bbon|phone\u00bb module_alignment_tablet=\u00bbcenter\u00bb module_alignment_phone=\u00bbcenter\u00bb module_alignment_last_edited=\u00bbon|tablet\u00bb global_colors_info=\u00bb{}\u00bb]<\/p>\n<h2>Dise\u00f1o de la cubierta<\/h2>\n<p>Un artista de portada designado producir\u00e1 un dise\u00f1o de portada distinto y de primera calidad basado en su aportaci\u00f3n para su t\u00edtulo. Una portada llamativa es especialmente importante en el \u00e1mbito de los libros electr\u00f3nicos, donde se dispone de pocos segundos para captar la atenci\u00f3n del comprador.<\/p>\n<p>[\/et_pb_text][\/et_pb_column][et_pb_column type=\u00bb2_5&#8243; _builder_version=\u00bb4.18.0&#8243; _module_preset=\u00bbdefault\u00bb custom_padding=\u00bb|51px||0px|false|false\u00bb global_colors_info=\u00bb{}\u00bb][et_pb_image src=\u00bbhttps:\/\/pagepublishing.com\/wp-content\/uploads\/2022\/10\/Cover-Design-Main-Graphic.png\u00bb title_text=\u00bbDise\u00f1o de la portada Gr\u00e1fico principal\u00bb src_tablet=\u00bbhttps:\/\/pagepublishing.com\/wp-content\/uploads\/2022\/10\/Cover-Design-Main-Graphic.png\u00bb src_phone=\u00bbhttps:\/\/pagepublishing.com\/wp-content\/uploads\/2022\/10\/Cover-Design-Main-Graphic.png\u00bb src_last_edited=\u00bbon|phone\u00bb _builder_version=\u00bb4.18.0&#8243; _module_preset=\u00bbdefault\u00bb width=\u00bb72.6%\u00bb width_tablet=\u00bb72.6%\u00bb width_phone=\u00bb100%\u00bb width_last_edited=\u00bbon|phone\u00bb module_alignment=\u00bbcenter\u00bb custom_margin=\u00bb|||-98px||\u00bb custom_margin_tablet=\u00bb35px|||0px|false|false\u00bb custom_margin_phone=\u00bb35px||0px|0px|false|false\u00bb custom_margin_last_edited=\u00bbon|phone\u00bb custom_padding_tablet=\u00bb\u00bb custom_padding_phone=\u00bb|||45px|false|false\u00bb custom_padding_last_edited=\u00bbon|phone\u00bb locked=\u00bboff\u00bb global_colors_info=\u00bb{}\u00bb][\/et_pb_image][\/et_pb_column][\/et_pb_row][\/et_pb_section][et_pb_section fb_built=\u00bb1&#8243; disabled_on=\u00bbon|on|on\u00bb _builder_version=\u00bb4.20.2&#8243; _module_preset=\u00bbdefault\u00bb background_color=\u00bb#f9f9f9&#8243; custom_margin=\u00bb40px||||false|false\u00bb custom_margin_tablet=\u00bb40px||||false|false\u00bb custom_margin_phone=\u00bb0px||||false|false\u00bb custom_margin_last_edited=\u00bbon|phone\u00bb custom_padding=\u00bb40px||||false|false\u00bb border_radii=\u00bboff||200px||\u00bb border_radii_tablet=\u00bboff||200px||\u00bb border_radii_phone=\u00bboff||0px||\u00bb border_radii_last_edited=\u00bbon|phone\u00bb disabled=\u00bbon\u00bb global_colors_info=\u00bb{}\u00bb][et_pb_row _builder_version=\u00bb4.18.0&#8243; _module_preset=\u00bbdefault\u00bb min_height=\u00bb131.8px\u00bb custom_margin=\u00bb3px|auto||auto|false|false\u00bb global_colors_info=\u00bb{}\u00bb][et_pb_column type=\u00bb4_4&#8243; _builder_version=\u00bb4.18.0&#8243; _module_preset=\u00bbdefault\u00bb global_colors_info=\u00bb{}\u00bb][et_pb_text _builder_version=\u00bb4.18.0&#8243; _module_preset=\u00bbdefault\u00bb text_font=\u00bbLusitana||||||||\u00bb text_text_color=\u00bb#363c44&#8243; text_font_size=\u00bb24px\u00bb header_3_font=\u00bbRaleway|700|||||||\u00bb header_3_font_size=\u00bb40px\u00bb global_colors_info=\u00bb{}\u00bb]<\/p>\n<p style=\"text-align: center;\">Conozca el proceso<\/p>\n<h3 style=\"text-align: center;\"><\/h3>\n<h3 style=\"text-align: center;\">Nuestros artistas pueden hacerlo todo<\/h3>\n<p>[\/et_pb_text][\/et_pb_column][\/et_pb_row][et_pb_row column_structure=\u00bb1_3,1_3,1_3&#8243; _builder_version=\u00bb4.18.0&#8243; _module_preset=\u00bbdefault\u00bb global_colors_info=\u00bb{}\u00bb][et_pb_column type=\u00bb1_3&#8243; _builder_version=\u00bb4.18.0&#8243; _module_preset=\u00bbdefault\u00bb global_colors_info=\u00bb{}\u00bb][et_pb_code _builder_version=\u00bb4.18.0&#8243; _module_preset=\u00bbdefault\u00bb width=\u00bb100%\u00bb custom_padding=\u00bb|0px||||\u00bb global_colors_info=\u00bb{}\u00bb]<\/p>\n<div style=\"position:relative; width:1px; min-width:100%;padding-bottom:56.25%;\"><iframe allow=\"autoplay\" class=\"spotlightr\" allowtransparency=\"true\" style=\"width:1px; min-width:100%; height: 100%; position:absolute\" allowfullscreen=\"true\" src=\"https:\/\/publishing.cdn.spotlightr.com\/watch\/MTI5NzkyMg==?fallback=true\" frameborder=\"0\" scrolling=\"no\" name=\"videoPlayerframe\"> <\/iframe><\/div>\n<p><script data-playerid=\"MTI5NzkyMg==\" src=\"https:\/\/publishing.cdn.spotlightr.com\/assets\/seo-script.js\"><\/script>[\/et_pb_code][et_pb_text _builder_version=\u00bb4.18.0&#8243; _module_preset=\u00bbdefault\u00bb text_text_color=\u00bb#af161c\u00bb header_4_text_color=\u00bb#af161c\u00bb custom_margin=\u00bb-20px||||false|false\u00bb header_4_font_size_tablet=\u00bb\u00bb header_4_font_size_phone=\u00bb16px\u00bb header_4_font_size_last_edited=\u00bbon|phone\u00bb locked=\u00bboff\u00bb global_colors_info=\u00bb{%22gcid-8695c531-468e-49c2-b876-1eb6be76f5f6%22:%91%22header_4_text_color%22,%22header_4_text_color%22,%22header_4_text_color%22%93}\u00bb]<\/p>\n<h4>Dise\u00f1o de p\u00e1ginas<\/h4>\n<p>[\/et_pb_text][\/et_pb_column][et_pb_column type=\u00bb1_3&#8243; _builder_version=\u00bb4.18.0&#8243; _module_preset=\u00bbdefault\u00bb global_colors_info=\u00bb{}\u00bb][et_pb_code _builder_version=\u00bb4.18.0&#8243; _module_preset=\u00bbdefault\u00bb global_colors_info=\u00bb{}\u00bb]<\/p>\n<div style=\"position:relative; width:1px; min-width:100%;padding-bottom:56.25%;\"><iframe allow=\"autoplay\" class=\"spotlightr\" allowtransparency=\"true\" style=\"width:1px; min-width:100%; height: 100%; position:absolute\" allowfullscreen=\"true\" src=\"https:\/\/publishing.cdn.spotlightr.com\/watch\/MTI5NzkyNQ==?fallback=true\" frameborder=\"0\" scrolling=\"no\" name=\"videoPlayerframe\"> <\/iframe><\/div>\n<p><script data-playerid=\"MTI5NzkyNQ==\" src=\"https:\/\/publishing.cdn.spotlightr.com\/assets\/seo-script.js\"><\/script>[\/et_pb_code][et_pb_text _builder_version=\u00bb4.18.0&#8243; _module_preset=\u00bbdefault\u00bb text_text_color=\u00bb#af161c\u00bb header_4_text_color=\u00bb#af161c\u00bb custom_margin=\u00bb-20px||||false|false\u00bb header_4_font_size_tablet=\u00bb\u00bb header_4_font_size_phone=\u00bb16px\u00bb header_4_font_size_last_edited=\u00bbon|phone\u00bb locked=\u00bboff\u00bb global_colors_info=\u00bb{%22gcid-8695c531-468e-49c2-b876-1eb6be76f5f6%22:%91%22header_4_text_color%22,%22header_4_text_color%22,%22header_4_text_color%22%93}\u00bb]<\/p>\n<h4>Ilustraci\u00f3n<\/h4>\n<p>[\/et_pb_text][\/et_pb_column][et_pb_column type=\u00bb1_3&#8243; _builder_version=\u00bb4.18.0&#8243; _module_preset=\u00bbdefault\u00bb global_colors_info=\u00bb{}\u00bb][et_pb_code _builder_version=\u00bb4.18.0&#8243; _module_preset=\u00bbdefault\u00bb global_colors_info=\u00bb{}\u00bb]<\/p>\n<div style=\"position:relative; width:1px; min-width:100%;padding-bottom:56.25%;\"><iframe allow=\"autoplay\" class=\"spotlightr\" allowtransparency=\"true\" style=\"width:1px; min-width:100%; height: 100%; position:absolute\" allowfullscreen=\"true\" src=\"https:\/\/publishing.cdn.spotlightr.com\/watch\/MTI5NzkyMw==?fallback=true\" frameborder=\"0\" scrolling=\"no\" name=\"videoPlayerframe\"> <\/iframe><\/div>\n<p><script data-playerid=\"MTI5NzkyMw==\" src=\"https:\/\/publishing.cdn.spotlightr.com\/assets\/seo-script.js\"><\/script>[\/et_pb_code][et_pb_text _builder_version=\u00bb4.18.0&#8243; _module_preset=\u00bbdefault\u00bb text_text_color=\u00bb#af161c\u00bb header_4_text_color=\u00bb#af161c\u00bb custom_margin=\u00bb-20px||||false|false\u00bb header_4_font_size_tablet=\u00bb\u00bb header_4_font_size_phone=\u00bb16px\u00bb header_4_font_size_last_edited=\u00bbon|phone\u00bb locked=\u00bboff\u00bb global_colors_info=\u00bb{%22gcid-8695c531-468e-49c2-b876-1eb6be76f5f6%22:%91%22header_4_text_color%22,%22header_4_text_color%22,%22header_4_text_color%22%93}\u00bb]<\/p>\n<h4>Dise\u00f1o de la cubierta<\/h4>\n<p>[\/et_pb_text][\/et_pb_column][\/et_pb_row][\/et_pb_section]<\/p>\n","protected":false},"excerpt":{"rendered":"<p>Trabajo llamativo Dise\u00f1o de libros<div class=\"et_pb_module dipi_breadcrumbs dipi_breadcrumbs_0\">\n\t\t\t\t\n\t\t\t\t\n\t\t\t\t\n\t\t\t\t\n\t\t\t\t\n\t\t\t\t\n\t\t\t\t<div class=\"et_pb_module_inner\">\n\t\t\t\t\t<div class=\"dipi-breadcrumbs dipi-bc-left\">\n                <ul >\n                    \n                                                        <li  class=\"dipi-breadcrumb-item dipi-breadcrumb-home\">\n\n                        \n                            <a  href=\"https:\/\/pagepublishing.com\/es\/nuestros-servicios\/\">\n                                <span  content=\"Home\">\n                                                                        Servicios                                <\/span>\n                            <\/a>\n\n                                                <meta itemprop=\"position\" content=\"1\"\/>                    <\/li>\n\n                    <li class=\"dipi-breadcrumb-separator\">\n                    <span class=\"et-pb-icon dipi-separator-icon\">$<\/span>\n                <\/li>                            \n                <\/ul>\n            <\/div>\n\t\t\t\t<\/div>\n\t\t\t<\/div>Dise\u00f1o de p\u00e1ginas Nuestros artistas tomar\u00e1n su manuscrito terminado y crear\u00e1n un interior de libro listo para imprimir. Aplicar\u00e1n elementos de estilo -como el tama\u00f1o de la letra, la elecci\u00f3n de fuentes, los m\u00e1rgenes y los p\u00e1rrafos- para garantizar el atractivo visual y la claridad para el lector. Se garantiza la coherencia de los encabezamientos, t\u00edtulos y cap\u00edtulos. Las fotograf\u00edas, ilustraciones o dibujos est\u00e1n optimizados para mejorar la experiencia de lectura. Nuestro objetivo es producir una experiencia de lectura fluida y ordenada para mejorar las ventas. Para los autores de libros infantiles, nuestro equipo interno de ilustradores es capaz de realizar cualquier cosa que su imaginaci\u00f3n desee. Tenemos una amplia experiencia en el lucrativo campo de los libros infantiles.Dise\u00f1o de la cubierta Un artista de portada designado producir\u00e1 un dise\u00f1o de portada distinto y de primera calidad basado en su aportaci\u00f3n para su t\u00edtulo. Una portada llamativa es especialmente importante en el \u00e1mbito de los libros electr\u00f3nicos, donde se dispone de pocos segundos para captar la atenci\u00f3n del comprador.Conozca el proceso Nuestros artistas pueden hacerlo todoDise\u00f1o de p\u00e1ginasIlustraci\u00f3nDise\u00f1o de la cubierta<\/p>\n","protected":false},"author":1,"featured_media":0,"parent":0,"menu_order":0,"comment_status":"closed","ping_status":"closed","template":"","meta":{"_et_pb_use_builder":"on","_et_pb_old_content":"","_et_gb_content_width":"","_coblocks_attr":"","_coblocks_dimensions":"","_coblocks_responsive_height":"","_coblocks_accordion_ie_support":"","footnotes":""},"dipi_cpt_category":[],"class_list":["post-9735","page","type-page","status-publish","hentry"],"yoast_head":"<!-- This site is optimized with the Yoast SEO plugin v26.5 - https:\/\/yoast.com\/wordpress\/plugins\/seo\/ -->\n<title>Dise\u00f1o de libros - Page Publishing<\/title>\n<meta name=\"description\" content=\"Nuestros artistas tomar\u00e1n su manuscrito terminado y crear\u00e1n un interior de libro y una cubierta llamativa listos para imprimir.\" \/>\n<meta name=\"robots\" content=\"index, follow, max-snippet:-1, max-image-preview:large, max-video-preview:-1\" \/>\n<link rel=\"canonical\" href=\"https:\/\/pagepublishing.com\/es\/diseno-de-libros\/\" \/>\n<meta property=\"og:locale\" content=\"es_ES\" \/>\n<meta property=\"og:type\" content=\"article\" \/>\n<meta property=\"og:title\" content=\"Dise\u00f1o de libros - Page Publishing\" \/>\n<meta property=\"og:description\" content=\"Nuestros artistas tomar\u00e1n su manuscrito terminado y crear\u00e1n un interior de libro y una cubierta llamativa listos para imprimir.\" \/>\n<meta property=\"og:url\" content=\"https:\/\/pagepublishing.com\/es\/diseno-de-libros\/\" \/>\n<meta property=\"og:site_name\" content=\"Page Publishing\" \/>\n<meta property=\"article:publisher\" content=\"https:\/\/www.facebook.com\/PagePublish\" \/>\n<meta property=\"article:modified_time\" content=\"2024-02-19T16:27:53+00:00\" \/>\n<meta name=\"twitter:card\" content=\"summary_large_image\" \/>\n<meta name=\"twitter:site\" content=\"@pagepublishing\" \/>\n<meta name=\"twitter:label1\" content=\"Tiempo de lectura\" \/>\n\t<meta name=\"twitter:data1\" content=\"8 minutos\" \/>\n<script type=\"application\/ld+json\" class=\"yoast-schema-graph\">{\"@context\":\"https:\/\/schema.org\",\"@graph\":[{\"@type\":\"WebPage\",\"@id\":\"https:\/\/pagepublishing.com\/es\/diseno-de-libros\/\",\"url\":\"https:\/\/pagepublishing.com\/es\/diseno-de-libros\/\",\"name\":\"Dise\u00f1o de libros - Page Publishing\",\"isPartOf\":{\"@id\":\"https:\/\/pagepublishing.com\/es\/#website\"},\"datePublished\":\"2022-10-04T18:37:56+00:00\",\"dateModified\":\"2024-02-19T16:27:53+00:00\",\"description\":\"Nuestros artistas tomar\u00e1n su manuscrito terminado y crear\u00e1n un interior de libro y una cubierta llamativa listos para imprimir.\",\"inLanguage\":\"es\",\"potentialAction\":[{\"@type\":\"ReadAction\",\"target\":[\"https:\/\/pagepublishing.com\/es\/diseno-de-libros\/\"]}]},{\"@type\":\"WebSite\",\"@id\":\"https:\/\/pagepublishing.com\/es\/#website\",\"url\":\"https:\/\/pagepublishing.com\/es\/\",\"name\":\"Page Publishing\",\"description\":\"Premiere book publishing solution\",\"publisher\":{\"@id\":\"https:\/\/pagepublishing.com\/es\/#organization\"},\"potentialAction\":[{\"@type\":\"SearchAction\",\"target\":{\"@type\":\"EntryPoint\",\"urlTemplate\":\"https:\/\/pagepublishing.com\/es\/?s={search_term_string}\"},\"query-input\":{\"@type\":\"PropertyValueSpecification\",\"valueRequired\":true,\"valueName\":\"search_term_string\"}}],\"inLanguage\":\"es\"},{\"@type\":\"Organization\",\"@id\":\"https:\/\/pagepublishing.com\/es\/#organization\",\"name\":\"Page Publishing\",\"url\":\"https:\/\/pagepublishing.com\/es\/\",\"logo\":{\"@type\":\"ImageObject\",\"inLanguage\":\"es\",\"@id\":\"https:\/\/pagepublishing.com\/es\/#\/schema\/logo\/image\/\",\"url\":\"https:\/\/pagepublishing.com\/wp-content\/uploads\/2022\/12\/Page-Logo.png\",\"contentUrl\":\"https:\/\/pagepublishing.com\/wp-content\/uploads\/2022\/12\/Page-Logo.png\",\"width\":340,\"height\":393,\"caption\":\"Page Publishing\"},\"image\":{\"@id\":\"https:\/\/pagepublishing.com\/es\/#\/schema\/logo\/image\/\"},\"sameAs\":[\"https:\/\/www.facebook.com\/PagePublish\",\"https:\/\/x.com\/pagepublishing\"]}]}<\/script>\n<!-- \/ Yoast SEO plugin. -->","yoast_head_json":{"title":"Dise\u00f1o de libros - Page Publishing","description":"Nuestros artistas tomar\u00e1n su manuscrito terminado y crear\u00e1n un interior de libro y una cubierta llamativa listos para imprimir.","robots":{"index":"index","follow":"follow","max-snippet":"max-snippet:-1","max-image-preview":"max-image-preview:large","max-video-preview":"max-video-preview:-1"},"canonical":"https:\/\/pagepublishing.com\/es\/diseno-de-libros\/","og_locale":"es_ES","og_type":"article","og_title":"Dise\u00f1o de libros - Page Publishing","og_description":"Nuestros artistas tomar\u00e1n su manuscrito terminado y crear\u00e1n un interior de libro y una cubierta llamativa listos para imprimir.","og_url":"https:\/\/pagepublishing.com\/es\/diseno-de-libros\/","og_site_name":"Page Publishing","article_publisher":"https:\/\/www.facebook.com\/PagePublish","article_modified_time":"2024-02-19T16:27:53+00:00","twitter_card":"summary_large_image","twitter_site":"@pagepublishing","twitter_misc":{"Tiempo de lectura":"8 minutos"},"schema":{"@context":"https:\/\/schema.org","@graph":[{"@type":"WebPage","@id":"https:\/\/pagepublishing.com\/es\/diseno-de-libros\/","url":"https:\/\/pagepublishing.com\/es\/diseno-de-libros\/","name":"Dise\u00f1o de libros - Page Publishing","isPartOf":{"@id":"https:\/\/pagepublishing.com\/es\/#website"},"datePublished":"2022-10-04T18:37:56+00:00","dateModified":"2024-02-19T16:27:53+00:00","description":"Nuestros artistas tomar\u00e1n su manuscrito terminado y crear\u00e1n un interior de libro y una cubierta llamativa listos para imprimir.","inLanguage":"es","potentialAction":[{"@type":"ReadAction","target":["https:\/\/pagepublishing.com\/es\/diseno-de-libros\/"]}]},{"@type":"WebSite","@id":"https:\/\/pagepublishing.com\/es\/#website","url":"https:\/\/pagepublishing.com\/es\/","name":"Page Publishing","description":"Premiere book publishing solution","publisher":{"@id":"https:\/\/pagepublishing.com\/es\/#organization"},"potentialAction":[{"@type":"SearchAction","target":{"@type":"EntryPoint","urlTemplate":"https:\/\/pagepublishing.com\/es\/?s={search_term_string}"},"query-input":{"@type":"PropertyValueSpecification","valueRequired":true,"valueName":"search_term_string"}}],"inLanguage":"es"},{"@type":"Organization","@id":"https:\/\/pagepublishing.com\/es\/#organization","name":"Page Publishing","url":"https:\/\/pagepublishing.com\/es\/","logo":{"@type":"ImageObject","inLanguage":"es","@id":"https:\/\/pagepublishing.com\/es\/#\/schema\/logo\/image\/","url":"https:\/\/pagepublishing.com\/wp-content\/uploads\/2022\/12\/Page-Logo.png","contentUrl":"https:\/\/pagepublishing.com\/wp-content\/uploads\/2022\/12\/Page-Logo.png","width":340,"height":393,"caption":"Page Publishing"},"image":{"@id":"https:\/\/pagepublishing.com\/es\/#\/schema\/logo\/image\/"},"sameAs":["https:\/\/www.facebook.com\/PagePublish","https:\/\/x.com\/pagepublishing"]}]}},"_links":{"self":[{"href":"https:\/\/pagepublishing.com\/es\/wp-json\/wp\/v2\/pages\/9735","targetHints":{"allow":["GET"]}}],"collection":[{"href":"https:\/\/pagepublishing.com\/es\/wp-json\/wp\/v2\/pages"}],"about":[{"href":"https:\/\/pagepublishing.com\/es\/wp-json\/wp\/v2\/types\/page"}],"author":[{"embeddable":true,"href":"https:\/\/pagepublishing.com\/es\/wp-json\/wp\/v2\/users\/1"}],"replies":[{"embeddable":true,"href":"https:\/\/pagepublishing.com\/es\/wp-json\/wp\/v2\/comments?post=9735"}],"version-history":[{"count":15,"href":"https:\/\/pagepublishing.com\/es\/wp-json\/wp\/v2\/pages\/9735\/revisions"}],"predecessor-version":[{"id":14488,"href":"https:\/\/pagepublishing.com\/es\/wp-json\/wp\/v2\/pages\/9735\/revisions\/14488"}],"wp:attachment":[{"href":"https:\/\/pagepublishing.com\/es\/wp-json\/wp\/v2\/media?parent=9735"}],"wp:term":[{"taxonomy":"dipi_cpt_category","embeddable":true,"href":"https:\/\/pagepublishing.com\/es\/wp-json\/wp\/v2\/dipi_cpt_category?post=9735"}],"curies":[{"name":"wp","href":"https:\/\/api.w.org\/{rel}","templated":true}]}}