{"id":9741,"date":"2022-10-04T13:16:50","date_gmt":"2022-10-04T18:16:50","guid":{"rendered":"https:\/\/pagepublishing.com\/edicion-de-libros\/"},"modified":"2024-02-19T11:27:05","modified_gmt":"2024-02-19T16:27:05","slug":"edicion-de-libros","status":"publish","type":"page","link":"https:\/\/pagepublishing.com\/es\/edicion-de-libros\/","title":{"rendered":"Edici\u00f3n de libros"},"content":{"rendered":"<p>[et_pb_section fb_built=\u00bb1&#8243; _builder_version=\u00bb4.20.2&#8243; _module_preset=\u00bbdefault\u00bb background_color=\u00bb#f9f9f9&#8243; min_height=\u00bb400px\u00bb min_height_tablet=\u00bb400px\u00bb min_height_phone=\u00bb300px\u00bb min_height_last_edited=\u00bbon|phone\u00bb border_radii=\u00bboff||||200px\u00bb border_radii_tablet=\u00bboff||||0px\u00bb border_radii_phone=\u00bb\u00bb border_radii_last_edited=\u00bbon|tablet\u00bb global_colors_info=\u00bb{}\u00bb][et_pb_row make_equal=\u00bbon\u00bb _builder_version=\u00bb4.20.2&#8243; _module_preset=\u00bbdefault\u00bb positioning=\u00bbabsolute\u00bb position_origin_a=\u00bbcenter_center\u00bb global_colors_info=\u00bb{}\u00bb][et_pb_column type=\u00bb4_4&#8243; _builder_version=\u00bb4.20.2&#8243; _module_preset=\u00bbdefault\u00bb global_colors_info=\u00bb{}\u00bb][et_pb_text _builder_version=\u00bb4.20.2&#8243; _module_preset=\u00bbdefault\u00bb text_text_color=\u00bb#677a92&#8243; text_line_height=\u00bb1.9em\u00bb header_font_size=\u00bb75px\u00bb header_line_height=\u00bb1.3em\u00bb width=\u00bb50%\u00bb width_tablet=\u00bb\u00bb width_phone=\u00bb\u00bb width_last_edited=\u00bbon|phone\u00bb text_font_size_tablet=\u00bb\u00bb text_font_size_phone=\u00bb22px\u00bb text_font_size_last_edited=\u00bbon|phone\u00bb header_font_size_tablet=\u00bb\u00bb header_font_size_phone=\u00bb50px\u00bb header_font_size_last_edited=\u00bbon|phone\u00bb text_orientation_tablet=\u00bbcenter\u00bb text_orientation_phone=\u00bbcenter\u00bb text_orientation_last_edited=\u00bbon|phone\u00bb module_alignment_tablet=\u00bb\u00bb module_alignment_phone=\u00bb\u00bb module_alignment_last_edited=\u00bbon|phone\u00bb global_colors_info=\u00bb{}\u00bb]<\/p>\n<p>Editores Profesionales<\/p>\n<h1>Edici\u00f3n de libros<\/h1>\n<p>[\/et_pb_text][\/et_pb_column][\/et_pb_row][\/et_pb_section][et_pb_section fb_built=\u00bb1&#8243; _builder_version=\u00bb4.18.0&#8243; _module_preset=\u00bbdefault\u00bb custom_padding=\u00bb9px||29px|||\u00bb global_colors_info=\u00bb{}\u00bb][et_pb_row _builder_version=\u00bb4.18.0&#8243; _module_preset=\u00bbdefault\u00bb global_colors_info=\u00bb{}\u00bb][et_pb_column type=\u00bb4_4&#8243; _builder_version=\u00bb4.18.0&#8243; _module_preset=\u00bbdefault\u00bb global_colors_info=\u00bb{}\u00bb][dipi_breadcrumbs bc_custom_home=\u00bbon\u00bb bc_home_text=\u00bbServicios\u00bb bc_home_url=\u00bbhttps:\/\/pagepublishing.com\/es\/nuestros-servicios\/\u00bb _builder_version=\u00bb4.20.2&#8243; _dynamic_attributes=\u00bblink_option_url\u00bb _module_preset=\u00bbdefault\u00bb items_text_color=\u00bb#af161c\u00bb custom_margin=\u00bb||-30px|||\u00bb custom_padding=\u00bb||0px|||\u00bb link_option_url=\u00bb@ET-DC@eyJkeW5hbWljIjp0cnVlLCJjb250ZW50IjoicG9zdF9saW5rX3VybF9wYWdlIiwic2V0dGluZ3MiOnsicG9zdF9pZCI6IjgxIn19@\u00bb hover_enabled=\u00bb0&#8243; global_colors_info=\u00bb{%22gcid-8695c531-468e-49c2-b876-1eb6be76f5f6%22:%91%22items_text_color%22%93}\u00bb sticky_enabled=\u00bb0&#8243;][\/dipi_breadcrumbs][\/et_pb_column][\/et_pb_row][\/et_pb_section][et_pb_section fb_built=\u00bb1&#8243; _builder_version=\u00bb4.18.0&#8243; background_image=\u00bbhttps:\/\/pagepublishing.com\/wp-content\/uploads\/2022\/10\/Book-Editing-Side-Graphic.png\u00bb background_size=\u00bbcontain\u00bb background_position=\u00bbtop_left\u00bb min_height=\u00bb411.9px\u00bb custom_margin=\u00bb1px||-1px|||\u00bb custom_padding=\u00bb57px|0px|0px|0px|false|false\u00bb background_last_edited=\u00bbon|phone\u00bb background_enable_image_tablet=\u00bboff\u00bb locked=\u00bboff\u00bb global_colors_info=\u00bb{}\u00bb][et_pb_row column_structure=\u00bb2_5,3_5&#8243; custom_padding_last_edited=\u00bbon|phone\u00bb _builder_version=\u00bb4.18.0&#8243; min_height=\u00bb310.9px\u00bb custom_margin=\u00bb-36px||||false|false\u00bb custom_padding=\u00bb0px||54px|25px|false|false\u00bb custom_padding_tablet=\u00bb0px||54px|25px|false|false\u00bb custom_padding_phone=\u00bb0px||5px|0px|false|false\u00bb global_colors_info=\u00bb{}\u00bb][et_pb_column type=\u00bb2_5&#8243; _builder_version=\u00bb4.16&#8243; custom_padding=\u00bb|||\u00bb global_colors_info=\u00bb{}\u00bb custom_padding__hover=\u00bb|||\u00bb][et_pb_image src=\u00bbhttps:\/\/pagepublishing.com\/wp-content\/uploads\/2022\/10\/Book-Editing-Main-Graphic-v2.png\u00bb title_text=\u00bbGr\u00e1fico principal de edici\u00f3n de libros v2&#8243; align=\u00bbcenter\u00bb _builder_version=\u00bb4.18.0&#8243; _module_preset=\u00bbdefault\u00bb width=\u00bb85%\u00bb global_colors_info=\u00bb{}\u00bb][\/et_pb_image][\/et_pb_column][et_pb_column type=\u00bb3_5&#8243; _builder_version=\u00bb4.16&#8243; custom_padding=\u00bb|||\u00bb global_colors_info=\u00bb{}\u00bb custom_padding__hover=\u00bb|||\u00bb][et_pb_text _builder_version=\u00bb4.18.0&#8243; _module_preset=\u00bbdefault\u00bb header_2_font_size=\u00bb50px\u00bb header_2_line_height=\u00bb1.3em\u00bb min_height=\u00bb236.8px\u00bb custom_margin=\u00bb83px||60px||false|false\u00bb custom_margin_tablet=\u00bb50px||0px||false|false\u00bb custom_margin_phone=\u00bb2px||0px||false|false\u00bb custom_margin_last_edited=\u00bbon|tablet\u00bb header_2_font_size_tablet=\u00bb50px\u00bb header_2_font_size_phone=\u00bb40px\u00bb header_2_font_size_last_edited=\u00bbon|phone\u00bb global_colors_info=\u00bb{}\u00bb]<\/p>\n<h2>Edici\u00f3n completa de la copia<\/h2>\n<p>No hay nada que sustituya la perspectiva fresca, la experiencia y la visi\u00f3n que un editor profesional a\u00f1ade a la obra de un autor. Un editor se asegura de que su obra est\u00e9 lista para el mercado. Un corrector de textos revisar\u00e1 y editar\u00e1 minuciosamente su manuscrito en busca de errores sint\u00e1cticos o gramaticales, errores ortogr\u00e1ficos, uso de palabras, estructura de las frases, redundancia y coherencia. El redactor asignado se atendr\u00e1 a las normas del Manual de Estilo de Chicago para garantizar la calidad de su trabajo.<\/p>\n<p>[\/et_pb_text][\/et_pb_column][\/et_pb_row][\/et_pb_section]<\/p>\n","protected":false},"excerpt":{"rendered":"<p>Editores Profesionales Edici\u00f3n de libros<div class=\"et_pb_module dipi_breadcrumbs dipi_breadcrumbs_0\">\n\t\t\t\t\n\t\t\t\t\n\t\t\t\t\n\t\t\t\t\n\t\t\t\t\n\t\t\t\t\n\t\t\t\t<div class=\"et_pb_module_inner\">\n\t\t\t\t\t<div class=\"dipi-breadcrumbs dipi-bc-left\">\n                <ul >\n                    \n                                                        <li  class=\"dipi-breadcrumb-item dipi-breadcrumb-home\">\n\n                        \n                            <a  href=\"https:\/\/pagepublishing.com\/es\/nuestros-servicios\/\">\n                                <span  content=\"Home\">\n                                                                        Servicios                                <\/span>\n                            <\/a>\n\n                                                <meta itemprop=\"position\" content=\"1\"\/>                    <\/li>\n\n                    <li class=\"dipi-breadcrumb-separator\">\n                    <span class=\"et-pb-icon dipi-separator-icon\">$<\/span>\n                <\/li>                            \n                <\/ul>\n            <\/div>\n\t\t\t\t<\/div>\n\t\t\t<\/div>Edici\u00f3n completa de la copia No hay nada que sustituya la perspectiva fresca, la experiencia y la visi\u00f3n que un editor profesional a\u00f1ade a la obra de un autor. Un editor se asegura de que su obra est\u00e9 lista para el mercado. Un corrector de textos revisar\u00e1 y editar\u00e1 minuciosamente su manuscrito en busca de errores sint\u00e1cticos o gramaticales, errores ortogr\u00e1ficos, uso de palabras, estructura de las frases, redundancia y coherencia. El redactor asignado se atendr\u00e1 a las normas del Manual de Estilo de Chicago para garantizar la calidad de su trabajo.<\/p>\n","protected":false},"author":1,"featured_media":0,"parent":0,"menu_order":0,"comment_status":"closed","ping_status":"closed","template":"","meta":{"_et_pb_use_builder":"on","_et_pb_old_content":"","_et_gb_content_width":"","_coblocks_attr":"","_coblocks_dimensions":"","_coblocks_responsive_height":"","_coblocks_accordion_ie_support":"","footnotes":""},"dipi_cpt_category":[],"class_list":["post-9741","page","type-page","status-publish","hentry"],"yoast_head":"<!-- This site is optimized with the Yoast SEO plugin v26.5 - https:\/\/yoast.com\/wordpress\/plugins\/seo\/ -->\n<title>Edici\u00f3n de libros - Page Publishing<\/title>\n<meta name=\"description\" content=\"Un corrector corregir\u00e1 y editar\u00e1 a fondo su manuscrito para garantizar que su obra est\u00e9 lista para el mercado.\" \/>\n<meta name=\"robots\" content=\"index, follow, max-snippet:-1, max-image-preview:large, max-video-preview:-1\" \/>\n<link rel=\"canonical\" href=\"https:\/\/pagepublishing.com\/es\/edicion-de-libros\/\" \/>\n<meta property=\"og:locale\" content=\"es_ES\" \/>\n<meta property=\"og:type\" content=\"article\" \/>\n<meta property=\"og:title\" content=\"Edici\u00f3n de libros - Page Publishing\" \/>\n<meta property=\"og:description\" content=\"Un corrector corregir\u00e1 y editar\u00e1 a fondo su manuscrito para garantizar que su obra est\u00e9 lista para el mercado.\" \/>\n<meta property=\"og:url\" content=\"https:\/\/pagepublishing.com\/es\/edicion-de-libros\/\" \/>\n<meta property=\"og:site_name\" content=\"Page Publishing\" \/>\n<meta property=\"article:publisher\" content=\"https:\/\/www.facebook.com\/PagePublish\" \/>\n<meta property=\"article:modified_time\" content=\"2024-02-19T16:27:05+00:00\" \/>\n<meta name=\"twitter:card\" content=\"summary_large_image\" \/>\n<meta name=\"twitter:site\" content=\"@pagepublishing\" \/>\n<script type=\"application\/ld+json\" class=\"yoast-schema-graph\">{\"@context\":\"https:\/\/schema.org\",\"@graph\":[{\"@type\":\"WebPage\",\"@id\":\"https:\/\/pagepublishing.com\/es\/edicion-de-libros\/\",\"url\":\"https:\/\/pagepublishing.com\/es\/edicion-de-libros\/\",\"name\":\"Edici\u00f3n de libros - Page Publishing\",\"isPartOf\":{\"@id\":\"https:\/\/pagepublishing.com\/es\/#website\"},\"datePublished\":\"2022-10-04T18:16:50+00:00\",\"dateModified\":\"2024-02-19T16:27:05+00:00\",\"description\":\"Un corrector corregir\u00e1 y editar\u00e1 a fondo su manuscrito para garantizar que su obra est\u00e9 lista para el mercado.\",\"inLanguage\":\"es\",\"potentialAction\":[{\"@type\":\"ReadAction\",\"target\":[\"https:\/\/pagepublishing.com\/es\/edicion-de-libros\/\"]}]},{\"@type\":\"WebSite\",\"@id\":\"https:\/\/pagepublishing.com\/es\/#website\",\"url\":\"https:\/\/pagepublishing.com\/es\/\",\"name\":\"Page Publishing\",\"description\":\"Premiere book publishing solution\",\"publisher\":{\"@id\":\"https:\/\/pagepublishing.com\/es\/#organization\"},\"potentialAction\":[{\"@type\":\"SearchAction\",\"target\":{\"@type\":\"EntryPoint\",\"urlTemplate\":\"https:\/\/pagepublishing.com\/es\/?s={search_term_string}\"},\"query-input\":{\"@type\":\"PropertyValueSpecification\",\"valueRequired\":true,\"valueName\":\"search_term_string\"}}],\"inLanguage\":\"es\"},{\"@type\":\"Organization\",\"@id\":\"https:\/\/pagepublishing.com\/es\/#organization\",\"name\":\"Page Publishing\",\"url\":\"https:\/\/pagepublishing.com\/es\/\",\"logo\":{\"@type\":\"ImageObject\",\"inLanguage\":\"es\",\"@id\":\"https:\/\/pagepublishing.com\/es\/#\/schema\/logo\/image\/\",\"url\":\"https:\/\/pagepublishing.com\/wp-content\/uploads\/2022\/12\/Page-Logo.png\",\"contentUrl\":\"https:\/\/pagepublishing.com\/wp-content\/uploads\/2022\/12\/Page-Logo.png\",\"width\":340,\"height\":393,\"caption\":\"Page Publishing\"},\"image\":{\"@id\":\"https:\/\/pagepublishing.com\/es\/#\/schema\/logo\/image\/\"},\"sameAs\":[\"https:\/\/www.facebook.com\/PagePublish\",\"https:\/\/x.com\/pagepublishing\"]}]}<\/script>\n<!-- \/ Yoast SEO plugin. -->","yoast_head_json":{"title":"Edici\u00f3n de libros - Page Publishing","description":"Un corrector corregir\u00e1 y editar\u00e1 a fondo su manuscrito para garantizar que su obra est\u00e9 lista para el mercado.","robots":{"index":"index","follow":"follow","max-snippet":"max-snippet:-1","max-image-preview":"max-image-preview:large","max-video-preview":"max-video-preview:-1"},"canonical":"https:\/\/pagepublishing.com\/es\/edicion-de-libros\/","og_locale":"es_ES","og_type":"article","og_title":"Edici\u00f3n de libros - Page Publishing","og_description":"Un corrector corregir\u00e1 y editar\u00e1 a fondo su manuscrito para garantizar que su obra est\u00e9 lista para el mercado.","og_url":"https:\/\/pagepublishing.com\/es\/edicion-de-libros\/","og_site_name":"Page Publishing","article_publisher":"https:\/\/www.facebook.com\/PagePublish","article_modified_time":"2024-02-19T16:27:05+00:00","twitter_card":"summary_large_image","twitter_site":"@pagepublishing","schema":{"@context":"https:\/\/schema.org","@graph":[{"@type":"WebPage","@id":"https:\/\/pagepublishing.com\/es\/edicion-de-libros\/","url":"https:\/\/pagepublishing.com\/es\/edicion-de-libros\/","name":"Edici\u00f3n de libros - Page Publishing","isPartOf":{"@id":"https:\/\/pagepublishing.com\/es\/#website"},"datePublished":"2022-10-04T18:16:50+00:00","dateModified":"2024-02-19T16:27:05+00:00","description":"Un corrector corregir\u00e1 y editar\u00e1 a fondo su manuscrito para garantizar que su obra est\u00e9 lista para el mercado.","inLanguage":"es","potentialAction":[{"@type":"ReadAction","target":["https:\/\/pagepublishing.com\/es\/edicion-de-libros\/"]}]},{"@type":"WebSite","@id":"https:\/\/pagepublishing.com\/es\/#website","url":"https:\/\/pagepublishing.com\/es\/","name":"Page Publishing","description":"Premiere book publishing solution","publisher":{"@id":"https:\/\/pagepublishing.com\/es\/#organization"},"potentialAction":[{"@type":"SearchAction","target":{"@type":"EntryPoint","urlTemplate":"https:\/\/pagepublishing.com\/es\/?s={search_term_string}"},"query-input":{"@type":"PropertyValueSpecification","valueRequired":true,"valueName":"search_term_string"}}],"inLanguage":"es"},{"@type":"Organization","@id":"https:\/\/pagepublishing.com\/es\/#organization","name":"Page Publishing","url":"https:\/\/pagepublishing.com\/es\/","logo":{"@type":"ImageObject","inLanguage":"es","@id":"https:\/\/pagepublishing.com\/es\/#\/schema\/logo\/image\/","url":"https:\/\/pagepublishing.com\/wp-content\/uploads\/2022\/12\/Page-Logo.png","contentUrl":"https:\/\/pagepublishing.com\/wp-content\/uploads\/2022\/12\/Page-Logo.png","width":340,"height":393,"caption":"Page Publishing"},"image":{"@id":"https:\/\/pagepublishing.com\/es\/#\/schema\/logo\/image\/"},"sameAs":["https:\/\/www.facebook.com\/PagePublish","https:\/\/x.com\/pagepublishing"]}]}},"_links":{"self":[{"href":"https:\/\/pagepublishing.com\/es\/wp-json\/wp\/v2\/pages\/9741","targetHints":{"allow":["GET"]}}],"collection":[{"href":"https:\/\/pagepublishing.com\/es\/wp-json\/wp\/v2\/pages"}],"about":[{"href":"https:\/\/pagepublishing.com\/es\/wp-json\/wp\/v2\/types\/page"}],"author":[{"embeddable":true,"href":"https:\/\/pagepublishing.com\/es\/wp-json\/wp\/v2\/users\/1"}],"replies":[{"embeddable":true,"href":"https:\/\/pagepublishing.com\/es\/wp-json\/wp\/v2\/comments?post=9741"}],"version-history":[{"count":22,"href":"https:\/\/pagepublishing.com\/es\/wp-json\/wp\/v2\/pages\/9741\/revisions"}],"predecessor-version":[{"id":14487,"href":"https:\/\/pagepublishing.com\/es\/wp-json\/wp\/v2\/pages\/9741\/revisions\/14487"}],"wp:attachment":[{"href":"https:\/\/pagepublishing.com\/es\/wp-json\/wp\/v2\/media?parent=9741"}],"wp:term":[{"taxonomy":"dipi_cpt_category","embeddable":true,"href":"https:\/\/pagepublishing.com\/es\/wp-json\/wp\/v2\/dipi_cpt_category?post=9741"}],"curies":[{"name":"wp","href":"https:\/\/api.w.org\/{rel}","templated":true}]}}