{"id":9747,"date":"2022-10-04T17:13:41","date_gmt":"2022-10-04T22:13:41","guid":{"rendered":"https:\/\/pagepublishing.com\/distribucion-y-marketing\/"},"modified":"2024-02-19T11:31:50","modified_gmt":"2024-02-19T16:31:50","slug":"distribucion-y-mercadeo","status":"publish","type":"page","link":"https:\/\/pagepublishing.com\/es\/distribucion-y-mercadeo\/","title":{"rendered":"Distribuci\u00f3n y mercadeo"},"content":{"rendered":"<p>[et_pb_section fb_built=\u00bb1&#8243; _builder_version=\u00bb4.20.2&#8243; _module_preset=\u00bbdefault\u00bb background_color=\u00bb#f9f9f9&#8243; min_height=\u00bb400px\u00bb min_height_tablet=\u00bb400px\u00bb min_height_phone=\u00bb300px\u00bb min_height_last_edited=\u00bbon|phone\u00bb border_radii=\u00bboff||||200px\u00bb border_radii_tablet=\u00bboff||||0px\u00bb border_radii_phone=\u00bb\u00bb border_radii_last_edited=\u00bbon|tablet\u00bb global_colors_info=\u00bb{}\u00bb locked=\u00bboff\u00bb][et_pb_row make_equal=\u00bbon\u00bb _builder_version=\u00bb4.20.2&#8243; _module_preset=\u00bbdefault\u00bb positioning=\u00bbabsolute\u00bb position_origin_a=\u00bbcenter_center\u00bb global_colors_info=\u00bb{}\u00bb][et_pb_column type=\u00bb4_4&#8243; _builder_version=\u00bb4.20.2&#8243; _module_preset=\u00bbdefault\u00bb global_colors_info=\u00bb{}\u00bb][et_pb_text _builder_version=\u00bb4.20.2&#8243; _module_preset=\u00bbdefault\u00bb text_text_color=\u00bb#677a92&#8243; header_font_size=\u00bb75px\u00bb header_line_height=\u00bb1.3em\u00bb width=\u00bb50%\u00bb width_tablet=\u00bb100%\u00bb width_phone=\u00bb100%\u00bb width_last_edited=\u00bbon|phone\u00bb hover_enabled=\u00bb0&#8243; text_font_size_tablet=\u00bb\u00bb text_font_size_phone=\u00bb22px\u00bb text_font_size_last_edited=\u00bbon|phone\u00bb header_font_size_tablet=\u00bb\u00bb header_font_size_phone=\u00bb50px\u00bb header_font_size_last_edited=\u00bbon|phone\u00bb text_orientation_tablet=\u00bbcenter\u00bb text_orientation_phone=\u00bbcenter\u00bb text_orientation_last_edited=\u00bbon|phone\u00bb module_alignment_tablet=\u00bb\u00bb module_alignment_phone=\u00bb\u00bb module_alignment_last_edited=\u00bbon|phone\u00bb global_colors_info=\u00bb{}\u00bb sticky_enabled=\u00bb0&#8243; text_line_height=\u00bb1.9em\u00bb]<\/p>\n<h1>Distribuci\u00f3n y mercadeo<\/h1>\n<p>[\/et_pb_text][\/et_pb_column][\/et_pb_row][\/et_pb_section][et_pb_section fb_built=\u00bb1&#8243; _builder_version=\u00bb4.18.0&#8243; _module_preset=\u00bbdefault\u00bb custom_padding=\u00bb9px||29px|||\u00bb locked=\u00bboff\u00bb global_colors_info=\u00bb{}\u00bb][et_pb_row _builder_version=\u00bb4.18.0&#8243; _module_preset=\u00bbdefault\u00bb custom_padding=\u00bb12px||35px|||\u00bb global_colors_info=\u00bb{}\u00bb][et_pb_column type=\u00bb4_4&#8243; _builder_version=\u00bb4.18.0&#8243; _module_preset=\u00bbdefault\u00bb global_colors_info=\u00bb{}\u00bb][dipi_breadcrumbs bc_custom_home=\u00bbon\u00bb bc_home_text=\u00bbServicios\u00bb bc_home_url=\u00bbhttps:\/\/pagepublishing.com\/es\/nuestros-servicios\/\u00bb _builder_version=\u00bb4.20.2&#8243; _dynamic_attributes=\u00bblink_option_url\u00bb _module_preset=\u00bbdefault\u00bb items_text_color=\u00bb#af161c\u00bb custom_margin=\u00bb||-30px|||\u00bb custom_padding=\u00bb||0px|||\u00bb link_option_url=\u00bb@ET-DC@eyJkeW5hbWljIjp0cnVlLCJjb250ZW50IjoicG9zdF9saW5rX3VybF9wYWdlIiwic2V0dGluZ3MiOnsicG9zdF9pZCI6IjgxIn19@\u00bb hover_enabled=\u00bb0&#8243; global_colors_info=\u00bb{%22gcid-8695c531-468e-49c2-b876-1eb6be76f5f6%22:%91%22items_text_color%22%93}\u00bb sticky_enabled=\u00bb0&#8243;][\/dipi_breadcrumbs][\/et_pb_column][\/et_pb_row][\/et_pb_section][et_pb_section fb_built=\u00bb1&#8243; custom_padding_last_edited=\u00bbon|phone\u00bb _builder_version=\u00bb4.18.0&#8243; background_image=\u00bbhttps:\/\/pagepublishing.com\/wp-content\/uploads\/2022\/10\/Distribution-Marketing-Side-Graphic.png\u00bb background_size=\u00bbcontain\u00bb background_position=\u00bbtop_left\u00bb background_horizontal_offset=\u00bb-6%\u00bb min_height=\u00bb511.1px\u00bb custom_margin=\u00bb1px|||||\u00bb custom_margin_tablet=\u00bb0px||||false|false\u00bb custom_margin_phone=\u00bb0px||||false|false\u00bb custom_margin_last_edited=\u00bbon|phone\u00bb custom_padding=\u00bb100px|0px|50px|0px|false|false\u00bb custom_padding_tablet=\u00bb0px||0px||false|false\u00bb custom_padding_phone=\u00bb0px||0px||false|false\u00bb background_last_edited=\u00bbon|phone\u00bb background_enable_image_tablet=\u00bboff\u00bb locked=\u00bboff\u00bb global_colors_info=\u00bb{}\u00bb][et_pb_row column_structure=\u00bb2_5,3_5&#8243; _builder_version=\u00bb4.18.0&#8243; custom_margin=\u00bb-38px||||false|false\u00bb custom_padding=\u00bb||||true\u00bb global_colors_info=\u00bb{}\u00bb][et_pb_column type=\u00bb2_5&#8243; _builder_version=\u00bb4.16&#8243; custom_padding=\u00bb|||\u00bb global_colors_info=\u00bb{}\u00bb custom_padding__hover=\u00bb|||\u00bb][et_pb_image src=\u00bbhttps:\/\/pagepublishing.com\/wp-content\/uploads\/2022\/10\/Distribution-Marketing-Main-Graphic.png\u00bb title_text=\u00bbMarketing de distribuci\u00f3n Gr\u00e1fico principal\u00bb align=\u00bbcenter\u00bb _builder_version=\u00bb4.18.0&#8243; _module_preset=\u00bbdefault\u00bb width=\u00bb80%\u00bb locked=\u00bboff\u00bb global_colors_info=\u00bb{}\u00bb][\/et_pb_image][\/et_pb_column][et_pb_column type=\u00bb3_5&#8243; _builder_version=\u00bb4.16&#8243; custom_padding=\u00bb|||\u00bb global_colors_info=\u00bb{}\u00bb custom_padding__hover=\u00bb|||\u00bb][et_pb_text _builder_version=\u00bb4.18.0&#8243; _module_preset=\u00bbdefault\u00bb header_2_font_size=\u00bb50px\u00bb header_2_line_height=\u00bb1.3em\u00bb min_height=\u00bb173.4px\u00bb custom_margin=\u00bb60px||79px|0px|false|false\u00bb custom_margin_tablet=\u00bb0px||0px||false|false\u00bb custom_margin_phone=\u00bb0px||0px||false|false\u00bb custom_margin_last_edited=\u00bbon|tablet\u00bb custom_padding=\u00bb32px|||||\u00bb custom_padding_tablet=\u00bb0px||||false|false\u00bb custom_padding_phone=\u00bb0px||||false|false\u00bb custom_padding_last_edited=\u00bbon|desktop\u00bb header_2_font_size_tablet=\u00bb50px\u00bb header_2_font_size_phone=\u00bb40px\u00bb header_2_font_size_last_edited=\u00bbon|phone\u00bb global_colors_info=\u00bb{}\u00bb]<\/p>\n<h2>Distribuci\u00f3n<\/h2>\n<p>Su libro impreso estar\u00e1 disponible a trav\u00e9s de uno de los principales distribuidores de libros del mundo, lo que permitir\u00e1 a las librer\u00edas tener libros de Page Publishing en sus estanter\u00edas si as\u00ed lo desean. Distribuiremos su libro electr\u00f3nico a todas las tiendas electr\u00f3nicas habituales, incluidas Apple iTunes, Amazon, Barnes &amp; Noble y Google Play. Page Publishing le proporcionar\u00e1 acceso a los informes de ventas a trav\u00e9s del Portal del Autor seguro de Page Publishing.<\/p>\n<p>[\/et_pb_text][\/et_pb_column][\/et_pb_row][\/et_pb_section][et_pb_section fb_built=\u00bb1&#8243; custom_padding_last_edited=\u00bbon|tablet\u00bb _builder_version=\u00bb4.18.0&#8243; _module_preset=\u00bbdefault\u00bb background_image=\u00bbhttps:\/\/pagepublishing.com\/wp-content\/uploads\/2022\/11\/Color-Updated-Side-Graphic.png\u00bb background_size=\u00bbcontain\u00bb background_position=\u00bbtop_right\u00bb custom_padding=\u00bb4px|||||\u00bb custom_padding_tablet=\u00bb0px||||false|false\u00bb custom_padding_phone=\u00bb0px||||false|false\u00bb background_last_edited=\u00bbon|tablet\u00bb background_enable_image_tablet=\u00bboff\u00bb global_colors_info=\u00bb{}\u00bb][et_pb_row column_structure=\u00bb1_2,1_2&#8243; _builder_version=\u00bb4.19.2&#8243; _module_preset=\u00bbdefault\u00bb custom_padding=\u00bb0px|||||\u00bb locked=\u00bboff\u00bb global_colors_info=\u00bb{}\u00bb][et_pb_column type=\u00bb1_2&#8243; _builder_version=\u00bb4.18.0&#8243; _module_preset=\u00bbdefault\u00bb global_colors_info=\u00bb{}\u00bb][dsm_perspective_image src=\u00bbhttp:\/\/2jz.6be.mwp.accessdomain.com\/wp-content\/uploads\/2022\/10\/Distribution-Marketing-custom-site-icon.svg\u00bb title_text=\u00bbIcono del sitio personalizado de Distribution Marketing\u00bb _builder_version=\u00bb4.18.0&#8243; _module_preset=\u00bbdefault\u00bb width=\u00bb8%\u00bb width_tablet=\u00bb20%\u00bb width_phone=\u00bb20%\u00bb width_last_edited=\u00bbon|phone\u00bb module_alignment=\u00bbleft\u00bb module_alignment_tablet=\u00bbcenter\u00bb module_alignment_phone=\u00bbcenter\u00bb module_alignment_last_edited=\u00bbon|phone\u00bb global_colors_info=\u00bb{}\u00bb][\/dsm_perspective_image][et_pb_text _builder_version=\u00bb4.19.2&#8243; _module_preset=\u00bbdefault\u00bb text_text_color=\u00bb#585858&#8243; header_3_font=\u00bbRaleway|700|||||||\u00bb header_3_font_size=\u00bb40px\u00bb header_3_font_size_tablet=\u00bb40px\u00bb header_3_font_size_phone=\u00bb30px\u00bb header_3_font_size_last_edited=\u00bbon|phone\u00bb global_colors_info=\u00bb{}\u00bb]<\/p>\n<h3>P\u00e1gina web de autor personalizada<\/h3>\n<p>Crearemos una p\u00e1gina web de autor personalizada basada en usted y en su libro. Esta p\u00e1gina se alojar\u00e1 en el sitio web de Page Publishing y mostrar\u00e1 el dise\u00f1o de la portada de su libro, una sinopsis y enlaces directos a cada una de las plataformas digitales que ofrecen su libro para la venta. Los espectadores pueden hacer clic al instante en su plataforma digital preferida y comprar f\u00e1cilmente su libro.<\/p>\n<p>[\/et_pb_text][\/et_pb_column][et_pb_column type=\u00bb1_2&#8243; _builder_version=\u00bb4.19.2&#8243; _module_preset=\u00bbdefault\u00bb global_colors_info=\u00bb{}\u00bb][et_pb_image src=\u00bbhttps:\/\/pagepublishing.com\/wp-content\/uploads\/2022\/10\/ISBN-Main-Graphic.png\u00bb title_text=\u00bbISBN Main Graphic\u00bb _builder_version=\u00bb4.19.2&#8243; _module_preset=\u00bbdefault\u00bb width=\u00bb60%\u00bb global_colors_info=\u00bb{}\u00bb][\/et_pb_image][\/et_pb_column][\/et_pb_row][\/et_pb_section]<\/p>\n","protected":false},"excerpt":{"rendered":"<p>Distribuci\u00f3n y mercadeo<div class=\"et_pb_module dipi_breadcrumbs dipi_breadcrumbs_0\">\n\t\t\t\t\n\t\t\t\t\n\t\t\t\t\n\t\t\t\t\n\t\t\t\t\n\t\t\t\t\n\t\t\t\t<div class=\"et_pb_module_inner\">\n\t\t\t\t\t<div class=\"dipi-breadcrumbs dipi-bc-left\">\n                <ul >\n                    \n                                                        <li  class=\"dipi-breadcrumb-item dipi-breadcrumb-home\">\n\n                        \n                            <a  href=\"https:\/\/pagepublishing.com\/es\/nuestros-servicios\/\">\n                                <span  content=\"Home\">\n                                                                        Servicios                                <\/span>\n                            <\/a>\n\n                                                <meta itemprop=\"position\" content=\"1\"\/>                    <\/li>\n\n                    <li class=\"dipi-breadcrumb-separator\">\n                    <span class=\"et-pb-icon dipi-separator-icon\">$<\/span>\n                <\/li>                            \n                <\/ul>\n            <\/div>\n\t\t\t\t<\/div>\n\t\t\t<\/div>Distribuci\u00f3n Su libro impreso estar\u00e1 disponible a trav\u00e9s de uno de los principales distribuidores de libros del mundo, lo que permitir\u00e1 a las librer\u00edas tener libros de Page Publishing en sus estanter\u00edas si as\u00ed lo desean. Distribuiremos su libro electr\u00f3nico a todas las tiendas electr\u00f3nicas habituales, incluidas Apple iTunes, Amazon, Barnes &amp; Noble y Google Play. Page Publishing le proporcionar\u00e1 acceso a los informes de ventas a trav\u00e9s del Portal del Autor seguro de Page Publishing.<div class=\"et_pb_module dsm_perspective_image dsm_perspective_image_0\">\n\t\t\t\t\n\t\t\t\t\n\t\t\t\t\n\t\t\t\t\n\t\t\t\t\n\t\t\t\t\n\t\t\t\t<div class=\"et_pb_module_inner\">\n\t\t\t\t\t<div class=\"dsm-perspective-image-wrapper et_always_center_on_mobile\">\n\t\t\t\t\n\t\t\t\t\n\t\t\t\t<span class=\"et_pb_image_wrap \"><img decoding=\"async\" src=\"http:\/\/2jz.6be.mwp.accessdomain.com\/wp-content\/uploads\/2022\/10\/Distribution-Marketing-custom-site-icon.svg\" alt=\"\" title=\"Icono del sitio personalizado de Distribution Marketing\" \/><\/span>\n\t\t\t<\/div>\n\t\t\t\t<\/div>\n\t\t\t<\/div>P\u00e1gina web de autor personalizada Crearemos una p\u00e1gina web de autor personalizada basada en usted y en su libro. Esta p\u00e1gina se alojar\u00e1 en el sitio web de Page Publishing y mostrar\u00e1 el dise\u00f1o de la portada de su libro, una sinopsis y enlaces directos a cada una de las plataformas digitales que ofrecen su libro para la venta. Los espectadores pueden hacer clic al instante en su plataforma digital preferida y comprar f\u00e1cilmente su libro.<\/p>\n","protected":false},"author":1,"featured_media":0,"parent":0,"menu_order":0,"comment_status":"closed","ping_status":"closed","template":"","meta":{"_et_pb_use_builder":"on","_et_pb_old_content":"","_et_gb_content_width":"","_coblocks_attr":"","_coblocks_dimensions":"","_coblocks_responsive_height":"","_coblocks_accordion_ie_support":"","footnotes":""},"dipi_cpt_category":[],"class_list":["post-9747","page","type-page","status-publish","hentry"],"yoast_head":"<!-- This site is optimized with the Yoast SEO plugin v26.5 - https:\/\/yoast.com\/wordpress\/plugins\/seo\/ -->\n<title>Distribuci\u00f3n y mercadeo - Page Publishing<\/title>\n<meta name=\"description\" content=\"Page Publishing ofrece servicios de marketing y distribuci\u00f3n de su libro impreso a minoristas de todo el pa\u00eds y de su libro electr\u00f3nico en todo el mundo.\" \/>\n<meta name=\"robots\" content=\"index, follow, max-snippet:-1, max-image-preview:large, max-video-preview:-1\" \/>\n<link rel=\"canonical\" href=\"https:\/\/pagepublishing.com\/es\/distribucion-y-mercadeo\/\" \/>\n<meta property=\"og:locale\" content=\"es_ES\" \/>\n<meta property=\"og:type\" content=\"article\" \/>\n<meta property=\"og:title\" content=\"Distribuci\u00f3n y mercadeo - Page Publishing\" \/>\n<meta property=\"og:description\" content=\"Page Publishing ofrece servicios de marketing y distribuci\u00f3n de su libro impreso a minoristas de todo el pa\u00eds y de su libro electr\u00f3nico en todo el mundo.\" \/>\n<meta property=\"og:url\" content=\"https:\/\/pagepublishing.com\/es\/distribucion-y-mercadeo\/\" \/>\n<meta property=\"og:site_name\" content=\"Page Publishing\" \/>\n<meta property=\"article:publisher\" content=\"https:\/\/www.facebook.com\/PagePublish\" \/>\n<meta property=\"article:modified_time\" content=\"2024-02-19T16:31:50+00:00\" \/>\n<meta name=\"twitter:card\" content=\"summary_large_image\" \/>\n<meta name=\"twitter:site\" content=\"@pagepublishing\" \/>\n<meta name=\"twitter:label1\" content=\"Tiempo de lectura\" \/>\n\t<meta name=\"twitter:data1\" content=\"2 minutos\" \/>\n<script type=\"application\/ld+json\" class=\"yoast-schema-graph\">{\"@context\":\"https:\/\/schema.org\",\"@graph\":[{\"@type\":\"WebPage\",\"@id\":\"https:\/\/pagepublishing.com\/es\/distribucion-y-mercadeo\/\",\"url\":\"https:\/\/pagepublishing.com\/es\/distribucion-y-mercadeo\/\",\"name\":\"Distribuci\u00f3n y mercadeo - Page Publishing\",\"isPartOf\":{\"@id\":\"https:\/\/pagepublishing.com\/es\/#website\"},\"datePublished\":\"2022-10-04T22:13:41+00:00\",\"dateModified\":\"2024-02-19T16:31:50+00:00\",\"description\":\"Page Publishing ofrece servicios de marketing y distribuci\u00f3n de su libro impreso a minoristas de todo el pa\u00eds y de su libro electr\u00f3nico en todo el mundo.\",\"inLanguage\":\"es\",\"potentialAction\":[{\"@type\":\"ReadAction\",\"target\":[\"https:\/\/pagepublishing.com\/es\/distribucion-y-mercadeo\/\"]}]},{\"@type\":\"WebSite\",\"@id\":\"https:\/\/pagepublishing.com\/es\/#website\",\"url\":\"https:\/\/pagepublishing.com\/es\/\",\"name\":\"Page Publishing\",\"description\":\"Premiere book publishing solution\",\"publisher\":{\"@id\":\"https:\/\/pagepublishing.com\/es\/#organization\"},\"potentialAction\":[{\"@type\":\"SearchAction\",\"target\":{\"@type\":\"EntryPoint\",\"urlTemplate\":\"https:\/\/pagepublishing.com\/es\/?s={search_term_string}\"},\"query-input\":{\"@type\":\"PropertyValueSpecification\",\"valueRequired\":true,\"valueName\":\"search_term_string\"}}],\"inLanguage\":\"es\"},{\"@type\":\"Organization\",\"@id\":\"https:\/\/pagepublishing.com\/es\/#organization\",\"name\":\"Page Publishing\",\"url\":\"https:\/\/pagepublishing.com\/es\/\",\"logo\":{\"@type\":\"ImageObject\",\"inLanguage\":\"es\",\"@id\":\"https:\/\/pagepublishing.com\/es\/#\/schema\/logo\/image\/\",\"url\":\"https:\/\/pagepublishing.com\/wp-content\/uploads\/2022\/12\/Page-Logo.png\",\"contentUrl\":\"https:\/\/pagepublishing.com\/wp-content\/uploads\/2022\/12\/Page-Logo.png\",\"width\":340,\"height\":393,\"caption\":\"Page Publishing\"},\"image\":{\"@id\":\"https:\/\/pagepublishing.com\/es\/#\/schema\/logo\/image\/\"},\"sameAs\":[\"https:\/\/www.facebook.com\/PagePublish\",\"https:\/\/x.com\/pagepublishing\"]}]}<\/script>\n<!-- \/ Yoast SEO plugin. -->","yoast_head_json":{"title":"Distribuci\u00f3n y mercadeo - Page Publishing","description":"Page Publishing ofrece servicios de marketing y distribuci\u00f3n de su libro impreso a minoristas de todo el pa\u00eds y de su libro electr\u00f3nico en todo el mundo.","robots":{"index":"index","follow":"follow","max-snippet":"max-snippet:-1","max-image-preview":"max-image-preview:large","max-video-preview":"max-video-preview:-1"},"canonical":"https:\/\/pagepublishing.com\/es\/distribucion-y-mercadeo\/","og_locale":"es_ES","og_type":"article","og_title":"Distribuci\u00f3n y mercadeo - Page Publishing","og_description":"Page Publishing ofrece servicios de marketing y distribuci\u00f3n de su libro impreso a minoristas de todo el pa\u00eds y de su libro electr\u00f3nico en todo el mundo.","og_url":"https:\/\/pagepublishing.com\/es\/distribucion-y-mercadeo\/","og_site_name":"Page Publishing","article_publisher":"https:\/\/www.facebook.com\/PagePublish","article_modified_time":"2024-02-19T16:31:50+00:00","twitter_card":"summary_large_image","twitter_site":"@pagepublishing","twitter_misc":{"Tiempo de lectura":"2 minutos"},"schema":{"@context":"https:\/\/schema.org","@graph":[{"@type":"WebPage","@id":"https:\/\/pagepublishing.com\/es\/distribucion-y-mercadeo\/","url":"https:\/\/pagepublishing.com\/es\/distribucion-y-mercadeo\/","name":"Distribuci\u00f3n y mercadeo - Page Publishing","isPartOf":{"@id":"https:\/\/pagepublishing.com\/es\/#website"},"datePublished":"2022-10-04T22:13:41+00:00","dateModified":"2024-02-19T16:31:50+00:00","description":"Page Publishing ofrece servicios de marketing y distribuci\u00f3n de su libro impreso a minoristas de todo el pa\u00eds y de su libro electr\u00f3nico en todo el mundo.","inLanguage":"es","potentialAction":[{"@type":"ReadAction","target":["https:\/\/pagepublishing.com\/es\/distribucion-y-mercadeo\/"]}]},{"@type":"WebSite","@id":"https:\/\/pagepublishing.com\/es\/#website","url":"https:\/\/pagepublishing.com\/es\/","name":"Page Publishing","description":"Premiere book publishing solution","publisher":{"@id":"https:\/\/pagepublishing.com\/es\/#organization"},"potentialAction":[{"@type":"SearchAction","target":{"@type":"EntryPoint","urlTemplate":"https:\/\/pagepublishing.com\/es\/?s={search_term_string}"},"query-input":{"@type":"PropertyValueSpecification","valueRequired":true,"valueName":"search_term_string"}}],"inLanguage":"es"},{"@type":"Organization","@id":"https:\/\/pagepublishing.com\/es\/#organization","name":"Page Publishing","url":"https:\/\/pagepublishing.com\/es\/","logo":{"@type":"ImageObject","inLanguage":"es","@id":"https:\/\/pagepublishing.com\/es\/#\/schema\/logo\/image\/","url":"https:\/\/pagepublishing.com\/wp-content\/uploads\/2022\/12\/Page-Logo.png","contentUrl":"https:\/\/pagepublishing.com\/wp-content\/uploads\/2022\/12\/Page-Logo.png","width":340,"height":393,"caption":"Page Publishing"},"image":{"@id":"https:\/\/pagepublishing.com\/es\/#\/schema\/logo\/image\/"},"sameAs":["https:\/\/www.facebook.com\/PagePublish","https:\/\/x.com\/pagepublishing"]}]}},"_links":{"self":[{"href":"https:\/\/pagepublishing.com\/es\/wp-json\/wp\/v2\/pages\/9747","targetHints":{"allow":["GET"]}}],"collection":[{"href":"https:\/\/pagepublishing.com\/es\/wp-json\/wp\/v2\/pages"}],"about":[{"href":"https:\/\/pagepublishing.com\/es\/wp-json\/wp\/v2\/types\/page"}],"author":[{"embeddable":true,"href":"https:\/\/pagepublishing.com\/es\/wp-json\/wp\/v2\/users\/1"}],"replies":[{"embeddable":true,"href":"https:\/\/pagepublishing.com\/es\/wp-json\/wp\/v2\/comments?post=9747"}],"version-history":[{"count":12,"href":"https:\/\/pagepublishing.com\/es\/wp-json\/wp\/v2\/pages\/9747\/revisions"}],"predecessor-version":[{"id":14492,"href":"https:\/\/pagepublishing.com\/es\/wp-json\/wp\/v2\/pages\/9747\/revisions\/14492"}],"wp:attachment":[{"href":"https:\/\/pagepublishing.com\/es\/wp-json\/wp\/v2\/media?parent=9747"}],"wp:term":[{"taxonomy":"dipi_cpt_category","embeddable":true,"href":"https:\/\/pagepublishing.com\/es\/wp-json\/wp\/v2\/dipi_cpt_category?post=9747"}],"curies":[{"name":"wp","href":"https:\/\/api.w.org\/{rel}","templated":true}]}}