{"id":9791,"date":"2022-10-03T16:20:51","date_gmt":"2022-10-03T21:20:51","guid":{"rendered":"https:\/\/pagepublishing.com\/guia-de-escritores\/"},"modified":"2025-08-04T12:36:38","modified_gmt":"2025-08-04T17:36:38","slug":"guia-de-escritores","status":"publish","type":"page","link":"https:\/\/pagepublishing.com\/es\/guia-de-escritores\/","title":{"rendered":"Gu\u00eda del escritor"},"content":{"rendered":"<p>[et_pb_section fb_built=\u00bb1&#8243; _builder_version=\u00bb4.20.2&#8243; _module_preset=\u00bbdefault\u00bb background_color=\u00bb#f9f9f9&#8243; min_height=\u00bb400px\u00bb min_height_tablet=\u00bb400px\u00bb min_height_phone=\u00bb300px\u00bb min_height_last_edited=\u00bbon|phone\u00bb border_radii=\u00bboff||||200px\u00bb border_radii_tablet=\u00bboff||||0px\u00bb border_radii_phone=\u00bb\u00bb border_radii_last_edited=\u00bbon|tablet\u00bb global_colors_info=\u00bb{}\u00bb][et_pb_row make_equal=\u00bbon\u00bb _builder_version=\u00bb4.20.2&#8243; _module_preset=\u00bbdefault\u00bb positioning=\u00bbabsolute\u00bb position_origin_a=\u00bbcenter_center\u00bb global_colors_info=\u00bb{}\u00bb][et_pb_column type=\u00bb4_4&#8243; _builder_version=\u00bb4.20.2&#8243; _module_preset=\u00bbdefault\u00bb global_colors_info=\u00bb{}\u00bb][et_pb_text _builder_version=\u00bb4.20.2&#8243; _module_preset=\u00bbdefault\u00bb text_text_color=\u00bb#677a92&#8243; text_line_height=\u00bb1.9em\u00bb header_font_size=\u00bb75px\u00bb header_line_height=\u00bb1.3em\u00bb width=\u00bb50%\u00bb width_tablet=\u00bb\u00bb width_phone=\u00bb\u00bb width_last_edited=\u00bbon|phone\u00bb text_font_size_tablet=\u00bb\u00bb text_font_size_phone=\u00bb22px\u00bb text_font_size_last_edited=\u00bbon|phone\u00bb header_font_size_tablet=\u00bb\u00bb header_font_size_phone=\u00bb50px\u00bb header_font_size_last_edited=\u00bbon|phone\u00bb text_orientation_tablet=\u00bbcenter\u00bb text_orientation_phone=\u00bbcenter\u00bb text_orientation_last_edited=\u00bbon|phone\u00bb module_alignment_tablet=\u00bb\u00bb module_alignment_phone=\u00bb\u00bb module_alignment_last_edited=\u00bbon|phone\u00bb global_colors_info=\u00bb{}\u00bb]<\/p>\n<p>\u00bfListo para empezar?<\/p>\n<h1>\u00a1Consigue hoy tu Gu\u00eda del Escritor!<\/h1>\n<p>[\/et_pb_text][\/et_pb_column][\/et_pb_row][\/et_pb_section][et_pb_section fb_built=\u00bb1&#8243; _builder_version=\u00bb4.18.0&#8243; _module_preset=\u00bbdefault\u00bb custom_padding=\u00bb||17px|||\u00bb global_colors_info=\u00bb{}\u00bb][et_pb_row column_structure=\u00bb1_2,1_2&#8243; _builder_version=\u00bb4.18.0&#8243; _module_preset=\u00bbdefault\u00bb custom_css_main_element=\u00bbdisplay: flex;||flex-wrap: wrap;\u00bb global_colors_info=\u00bb{}\u00bb][et_pb_column type=\u00bb1_2&#8243; _builder_version=\u00bb4.18.0&#8243; _module_preset=\u00bbdefault\u00bb global_colors_info=\u00bb{}\u00bb custom_css_main_element_last_edited=\u00bbon|phone\u00bb custom_css_main_element_phone=\u00bborder: 2&#8243;][et_pb_image src=\u00bbhttps:\/\/pagepublishing.com\/wp-content\/uploads\/2024\/09\/WG-PagePublishing-1.png\u00bb title_text=\u00bbWG-PagePublishing (1)\u00bb _builder_version=\u00bb4.20.2&#8243; _module_preset=\u00bbdefault\u00bb custom_margin_tablet=\u00bb\u00bb custom_margin_phone=\u00bb\u00bb custom_margin_last_edited=\u00bbon|phone\u00bb custom_padding_tablet=\u00bb\u00bb custom_padding_phone=\u00bb45px||||false|false\u00bb custom_padding_last_edited=\u00bbon|phone\u00bb hover_enabled=\u00bb0&#8243; global_colors_info=\u00bb{}\u00bb sticky_enabled=\u00bb0&#8243;][\/et_pb_image][et_pb_text _builder_version=\u00bb4.18.0&#8243; _module_preset=\u00bbdefault\u00bb custom_margin_tablet=\u00bb\u00bb custom_margin_phone=\u00bb||-80px||false|false\u00bb custom_margin_last_edited=\u00bbon|phone\u00bb custom_padding_tablet=\u00bb\u00bb custom_padding_phone=\u00bb\u00bb custom_padding_last_edited=\u00bbon|desktop\u00bb global_colors_info=\u00bb{}\u00bb]<\/p>\n<h3><strong>Consejos, trucos y herramientas en nuestra gu\u00eda del escritor:<\/strong><\/h3>\n<ul>\n<li style=\"list-style-type: none;\">\n<ul>\n<li>Consejos para una escritura eficaz y productiva<\/li>\n<li>La agon\u00eda del bloqueo del escritor<\/li>\n<li>C\u00f3mo sacar lo mejor de uno mismo<\/li>\n<li>M\u00e1s consejos para empezar<\/li>\n<li>La importancia de escribir un buen gancho<\/li>\n<li>El camino hacia la publicaci\u00f3n<\/li>\n<li>C\u00f3mo y qu\u00e9 enviar a los editores<\/li>\n<li>Las 10 cosas que debe y no debe hacer<\/li>\n<li>Plantillas de redacci\u00f3n<\/li>\n<\/ul>\n<\/li>\n<\/ul>\n<p>[\/et_pb_text][\/et_pb_column][et_pb_column type=\u00bb1_2&#8243; _builder_version=\u00bb4.18.0&#8243; _module_preset=\u00bbdefault\u00bb global_colors_info=\u00bb{}\u00bb custom_css_main_element_last_edited=\u00bbon|phone\u00bb custom_css_main_element_phone=\u00bborder: 1;\u00bb][et_pb_code _builder_version=\u00bb4.20.2&#8243; _module_preset=\u00bbdefault\u00bb global_colors_info=\u00bb{}\u00bb]<script charset=\"utf-8\" type=\"text\/javascript\" src=\"\/\/js.hsforms.net\/forms\/embed\/v2.js\"><\/script><!-- [et_pb_line_break_holder] --><script><!-- [et_pb_line_break_holder] -->  hbspt.forms.create({<!-- [et_pb_line_break_holder] -->    region: \"na1\",<!-- [et_pb_line_break_holder] -->    portalId: \"21470090\",<!-- [et_pb_line_break_holder] -->    formId: \"f4d93780-2cb3-409c-8829-3d6c0f57a615\"<!-- [et_pb_line_break_holder] -->  });<!-- [et_pb_line_break_holder] --><\/script>[\/et_pb_code][\/et_pb_column][\/et_pb_row][\/et_pb_section]<\/p>\n","protected":false},"excerpt":{"rendered":"<p>\u00bfListo para empezar? \u00a1Consigue hoy tu Gu\u00eda del Escritor!Consejos, trucos y herramientas en nuestra gu\u00eda del escritor: Consejos para una escritura eficaz y productiva La agon\u00eda del bloqueo del escritor C\u00f3mo sacar lo mejor de uno mismo M\u00e1s consejos para empezar La importancia de escribir un buen gancho El camino hacia la publicaci\u00f3n C\u00f3mo y qu\u00e9 enviar a los editores Las 10 cosas que debe y no debe hacer Plantillas de redacci\u00f3n<\/p>\n","protected":false},"author":1,"featured_media":0,"parent":0,"menu_order":0,"comment_status":"closed","ping_status":"closed","template":"","meta":{"_et_pb_use_builder":"on","_et_pb_old_content":"","_et_gb_content_width":"","_coblocks_attr":"","_coblocks_dimensions":"","_coblocks_responsive_height":"","_coblocks_accordion_ie_support":"","footnotes":""},"dipi_cpt_category":[],"class_list":["post-9791","page","type-page","status-publish","hentry"],"yoast_head":"<!-- This site is optimized with the Yoast SEO plugin v26.5 - https:\/\/yoast.com\/wordpress\/plugins\/seo\/ -->\n<title>Gu\u00eda del escritor | Desc\u00e1rgatelo gratis hoy | Page Publishing<\/title>\n<meta name=\"description\" content=\"Desc\u00e1rguese hoy mismo la gu\u00eda del escritor de Page Publishing y aprenda varios consejos, trucos y herramientas que pueden resultarle \u00fatiles mientras escribe.\" \/>\n<meta name=\"robots\" content=\"index, follow, max-snippet:-1, max-image-preview:large, max-video-preview:-1\" \/>\n<link rel=\"canonical\" href=\"https:\/\/pagepublishing.com\/es\/guia-de-escritores\/\" \/>\n<meta property=\"og:locale\" content=\"es_ES\" \/>\n<meta property=\"og:type\" content=\"article\" \/>\n<meta property=\"og:title\" content=\"Gu\u00eda del escritor | Desc\u00e1rgatelo gratis hoy | Page Publishing\" \/>\n<meta property=\"og:description\" content=\"Desc\u00e1rguese hoy mismo la gu\u00eda del escritor de Page Publishing y aprenda varios consejos, trucos y herramientas que pueden resultarle \u00fatiles mientras escribe.\" \/>\n<meta property=\"og:url\" content=\"https:\/\/pagepublishing.com\/es\/guia-de-escritores\/\" \/>\n<meta property=\"og:site_name\" content=\"Page Publishing\" \/>\n<meta property=\"article:publisher\" content=\"https:\/\/www.facebook.com\/PagePublish\" \/>\n<meta property=\"article:modified_time\" content=\"2025-08-04T17:36:38+00:00\" \/>\n<meta name=\"twitter:card\" content=\"summary_large_image\" \/>\n<meta name=\"twitter:site\" content=\"@pagepublishing\" \/>\n<script type=\"application\/ld+json\" class=\"yoast-schema-graph\">{\"@context\":\"https:\/\/schema.org\",\"@graph\":[{\"@type\":\"WebPage\",\"@id\":\"https:\/\/pagepublishing.com\/es\/guia-de-escritores\/\",\"url\":\"https:\/\/pagepublishing.com\/es\/guia-de-escritores\/\",\"name\":\"Gu\u00eda del escritor | Desc\u00e1rgatelo gratis hoy | Page Publishing\",\"isPartOf\":{\"@id\":\"https:\/\/pagepublishing.com\/es\/#website\"},\"datePublished\":\"2022-10-03T21:20:51+00:00\",\"dateModified\":\"2025-08-04T17:36:38+00:00\",\"description\":\"Desc\u00e1rguese hoy mismo la gu\u00eda del escritor de Page Publishing y aprenda varios consejos, trucos y herramientas que pueden resultarle \u00fatiles mientras escribe.\",\"inLanguage\":\"es\",\"potentialAction\":[{\"@type\":\"ReadAction\",\"target\":[\"https:\/\/pagepublishing.com\/es\/guia-de-escritores\/\"]}]},{\"@type\":\"WebSite\",\"@id\":\"https:\/\/pagepublishing.com\/es\/#website\",\"url\":\"https:\/\/pagepublishing.com\/es\/\",\"name\":\"Page Publishing\",\"description\":\"Premiere book publishing solution\",\"publisher\":{\"@id\":\"https:\/\/pagepublishing.com\/es\/#organization\"},\"potentialAction\":[{\"@type\":\"SearchAction\",\"target\":{\"@type\":\"EntryPoint\",\"urlTemplate\":\"https:\/\/pagepublishing.com\/es\/?s={search_term_string}\"},\"query-input\":{\"@type\":\"PropertyValueSpecification\",\"valueRequired\":true,\"valueName\":\"search_term_string\"}}],\"inLanguage\":\"es\"},{\"@type\":\"Organization\",\"@id\":\"https:\/\/pagepublishing.com\/es\/#organization\",\"name\":\"Page Publishing\",\"url\":\"https:\/\/pagepublishing.com\/es\/\",\"logo\":{\"@type\":\"ImageObject\",\"inLanguage\":\"es\",\"@id\":\"https:\/\/pagepublishing.com\/es\/#\/schema\/logo\/image\/\",\"url\":\"https:\/\/pagepublishing.com\/wp-content\/uploads\/2022\/12\/Page-Logo.png\",\"contentUrl\":\"https:\/\/pagepublishing.com\/wp-content\/uploads\/2022\/12\/Page-Logo.png\",\"width\":340,\"height\":393,\"caption\":\"Page Publishing\"},\"image\":{\"@id\":\"https:\/\/pagepublishing.com\/es\/#\/schema\/logo\/image\/\"},\"sameAs\":[\"https:\/\/www.facebook.com\/PagePublish\",\"https:\/\/x.com\/pagepublishing\"]}]}<\/script>\n<!-- \/ Yoast SEO plugin. -->","yoast_head_json":{"title":"Gu\u00eda del escritor | Desc\u00e1rgatelo gratis hoy | Page Publishing","description":"Desc\u00e1rguese hoy mismo la gu\u00eda del escritor de Page Publishing y aprenda varios consejos, trucos y herramientas que pueden resultarle \u00fatiles mientras escribe.","robots":{"index":"index","follow":"follow","max-snippet":"max-snippet:-1","max-image-preview":"max-image-preview:large","max-video-preview":"max-video-preview:-1"},"canonical":"https:\/\/pagepublishing.com\/es\/guia-de-escritores\/","og_locale":"es_ES","og_type":"article","og_title":"Gu\u00eda del escritor | Desc\u00e1rgatelo gratis hoy | Page Publishing","og_description":"Desc\u00e1rguese hoy mismo la gu\u00eda del escritor de Page Publishing y aprenda varios consejos, trucos y herramientas que pueden resultarle \u00fatiles mientras escribe.","og_url":"https:\/\/pagepublishing.com\/es\/guia-de-escritores\/","og_site_name":"Page Publishing","article_publisher":"https:\/\/www.facebook.com\/PagePublish","article_modified_time":"2025-08-04T17:36:38+00:00","twitter_card":"summary_large_image","twitter_site":"@pagepublishing","schema":{"@context":"https:\/\/schema.org","@graph":[{"@type":"WebPage","@id":"https:\/\/pagepublishing.com\/es\/guia-de-escritores\/","url":"https:\/\/pagepublishing.com\/es\/guia-de-escritores\/","name":"Gu\u00eda del escritor | Desc\u00e1rgatelo gratis hoy | Page Publishing","isPartOf":{"@id":"https:\/\/pagepublishing.com\/es\/#website"},"datePublished":"2022-10-03T21:20:51+00:00","dateModified":"2025-08-04T17:36:38+00:00","description":"Desc\u00e1rguese hoy mismo la gu\u00eda del escritor de Page Publishing y aprenda varios consejos, trucos y herramientas que pueden resultarle \u00fatiles mientras escribe.","inLanguage":"es","potentialAction":[{"@type":"ReadAction","target":["https:\/\/pagepublishing.com\/es\/guia-de-escritores\/"]}]},{"@type":"WebSite","@id":"https:\/\/pagepublishing.com\/es\/#website","url":"https:\/\/pagepublishing.com\/es\/","name":"Page Publishing","description":"Premiere book publishing solution","publisher":{"@id":"https:\/\/pagepublishing.com\/es\/#organization"},"potentialAction":[{"@type":"SearchAction","target":{"@type":"EntryPoint","urlTemplate":"https:\/\/pagepublishing.com\/es\/?s={search_term_string}"},"query-input":{"@type":"PropertyValueSpecification","valueRequired":true,"valueName":"search_term_string"}}],"inLanguage":"es"},{"@type":"Organization","@id":"https:\/\/pagepublishing.com\/es\/#organization","name":"Page Publishing","url":"https:\/\/pagepublishing.com\/es\/","logo":{"@type":"ImageObject","inLanguage":"es","@id":"https:\/\/pagepublishing.com\/es\/#\/schema\/logo\/image\/","url":"https:\/\/pagepublishing.com\/wp-content\/uploads\/2022\/12\/Page-Logo.png","contentUrl":"https:\/\/pagepublishing.com\/wp-content\/uploads\/2022\/12\/Page-Logo.png","width":340,"height":393,"caption":"Page Publishing"},"image":{"@id":"https:\/\/pagepublishing.com\/es\/#\/schema\/logo\/image\/"},"sameAs":["https:\/\/www.facebook.com\/PagePublish","https:\/\/x.com\/pagepublishing"]}]}},"_links":{"self":[{"href":"https:\/\/pagepublishing.com\/es\/wp-json\/wp\/v2\/pages\/9791","targetHints":{"allow":["GET"]}}],"collection":[{"href":"https:\/\/pagepublishing.com\/es\/wp-json\/wp\/v2\/pages"}],"about":[{"href":"https:\/\/pagepublishing.com\/es\/wp-json\/wp\/v2\/types\/page"}],"author":[{"embeddable":true,"href":"https:\/\/pagepublishing.com\/es\/wp-json\/wp\/v2\/users\/1"}],"replies":[{"embeddable":true,"href":"https:\/\/pagepublishing.com\/es\/wp-json\/wp\/v2\/comments?post=9791"}],"version-history":[{"count":14,"href":"https:\/\/pagepublishing.com\/es\/wp-json\/wp\/v2\/pages\/9791\/revisions"}],"predecessor-version":[{"id":16539,"href":"https:\/\/pagepublishing.com\/es\/wp-json\/wp\/v2\/pages\/9791\/revisions\/16539"}],"wp:attachment":[{"href":"https:\/\/pagepublishing.com\/es\/wp-json\/wp\/v2\/media?parent=9791"}],"wp:term":[{"taxonomy":"dipi_cpt_category","embeddable":true,"href":"https:\/\/pagepublishing.com\/es\/wp-json\/wp\/v2\/dipi_cpt_category?post=9791"}],"curies":[{"name":"wp","href":"https:\/\/api.w.org\/{rel}","templated":true}]}}